{"id":8273,"date":"2025-12-05T10:39:53","date_gmt":"2025-12-05T09:39:53","guid":{"rendered":"https:\/\/mandragoracosmetica.com\/?post_type=product&#038;p=8273"},"modified":"2025-12-07T02:28:14","modified_gmt":"2025-12-07T01:28:14","slug":"radiant-serum-facial-iluminador","status":"publish","type":"product","link":"https:\/\/mandragoracosmetica.com\/ca\/producto\/radiant-serum-facial-iluminador\/","title":{"rendered":"Radiant &#8211; serum facial iluminador 30ml"},"content":{"rendered":"<p>[et_pb_section fb_built=&#8221;1&#8243; _builder_version=&#8221;4.16&#8243; custom_padding=&#8221;0px||||false|false&#8221; global_colors_info=&#8221;{}&#8221;][et_pb_row _builder_version=&#8221;4.16&#8243; background_size=&#8221;initial&#8221; background_position=&#8221;top_left&#8221; background_repeat=&#8221;repeat&#8221; width=&#8221;100%&#8221; custom_padding=&#8221;0px||0px||false|false&#8221; global_colors_info=&#8221;{}&#8221;][et_pb_column type=&#8221;4_4&#8243; _builder_version=&#8221;4.16&#8243; custom_padding=&#8221;|||&#8221; global_colors_info=&#8221;{}&#8221; custom_padding__hover=&#8221;|||&#8221;][et_pb_wc_breadcrumb _builder_version=&#8221;4.16&#8243; global_colors_info=&#8221;{}&#8221;][\/et_pb_wc_breadcrumb][et_pb_wc_cart_notice _builder_version=&#8221;4.16&#8243; global_colors_info=&#8221;{}&#8221;][\/et_pb_wc_cart_notice][\/et_pb_column][\/et_pb_row][et_pb_row column_structure=&#8221;1_2,1_2&#8243; _builder_version=&#8221;4.16&#8243; background_size=&#8221;initial&#8221; background_position=&#8221;top_left&#8221; background_repeat=&#8221;repeat&#8221; width=&#8221;100%&#8221; custom_padding=&#8221;0px||||false|false&#8221; global_colors_info=&#8221;{}&#8221;][et_pb_column type=&#8221;1_2&#8243; _builder_version=&#8221;4.16&#8243; custom_padding=&#8221;|||&#8221; global_colors_info=&#8221;{}&#8221; custom_padding__hover=&#8221;|||&#8221;][et_pb_wc_images _builder_version=&#8221;4.16&#8243; global_colors_info=&#8221;{}&#8221;][\/et_pb_wc_images][\/et_pb_column][et_pb_column type=&#8221;1_2&#8243; _builder_version=&#8221;4.16&#8243; custom_padding=&#8221;|||&#8221; global_colors_info=&#8221;{}&#8221; custom_padding__hover=&#8221;|||&#8221;][et_pb_wc_title _builder_version=&#8221;4.16&#8243; global_colors_info=&#8221;{}&#8221;][\/et_pb_wc_title][et_pb_wc_rating _builder_version=&#8221;4.16&#8243; global_colors_info=&#8221;{}&#8221;][\/et_pb_wc_rating][et_pb_wc_price _builder_version=&#8221;4.16&#8243; global_colors_info=&#8221;{}&#8221;][\/et_pb_wc_price][et_pb_wc_description _builder_version=&#8221;4.16&#8243; background_enable_color=&#8221;off&#8221; global_colors_info=&#8221;{}&#8221;][\/et_pb_wc_description][et_pb_wc_add_to_cart _builder_version=&#8221;4.16&#8243; global_colors_info=&#8221;{}&#8221;][\/et_pb_wc_add_to_cart][et_pb_wc_meta _builder_version=&#8221;4.16&#8243; global_colors_info=&#8221;{}&#8221;][\/et_pb_wc_meta][\/et_pb_column][\/et_pb_row][et_pb_row _builder_version=&#8221;4.16&#8243; width=&#8221;100%&#8221; max_width=&#8221;1111px&#8221; custom_padding=&#8221;||0px|||&#8221; global_colors_info=&#8221;{}&#8221;][et_pb_column type=&#8221;4_4&#8243; _builder_version=&#8221;4.16&#8243; global_colors_info=&#8221;{}&#8221;][et_pb_accordion _builder_version=&#8221;4.16&#8243; global_colors_info=&#8221;{}&#8221;][et_pb_accordion_item title=&#8221;Usos&#8221; open_toggle_text_color=&#8221;#443322&#8243; open_toggle_background_color=&#8221;rgba(221,204,170,0.24)&#8221; closed_toggle_text_color=&#8221;#443322&#8243; closed_toggle_background_color=&#8221;rgba(221,204,170,0.24)&#8221; icon_color=&#8221;#443322&#8243; use_icon_font_size=&#8221;on&#8221; icon_font_size=&#8221;20px&#8221; open_icon_color=&#8221;#443322&#8243; open_use_icon_font_size=&#8221;on&#8221; open_icon_font_size=&#8221;20px&#8221; _builder_version=&#8221;4.16&#8243; body_font=&#8221;Raleway||||||||&#8221; text_orientation=&#8221;left&#8221; border_color_all=&#8221;#998877&#8243; global_colors_info=&#8221;{}&#8221; toggle_text_color=&#8221;#443322&#8243; toggle_font=&#8221;Lora|700|on||||||&#8221; toggle_font_size=&#8221;20px&#8221; closed_toggle_font=&#8221;Lora|700|||||||&#8221; closed_toggle_font_size=&#8221;20px&#8221; open=&#8221;on&#8221;]<\/p>\n<p data-start=\"1237\" data-end=\"1295\">\u00a0&#8211; Nutre la piel en profundidad y ayuda a unificar el tono.<\/p>\n<ul>\n<li data-start=\"1296\" data-end=\"1368\">\n<p data-start=\"1298\" data-end=\"1368\">Mejora la firmeza y la elasticidad para un aspecto m\u00e1s liso y vital.<\/p>\n<\/li>\n<li data-start=\"1369\" data-end=\"1443\">\n<p data-start=\"1371\" data-end=\"1443\">Contribuye a suavizar l\u00edneas finas y potenciar la luminosidad natural.<\/p>\n<\/li>\n<li data-start=\"1444\" data-end=\"1521\">\n<p data-start=\"1446\" data-end=\"1521\">Aporta confort inmediato gracias a sus extractos calmantes y reparadores.<\/p>\n<\/li>\n<li data-start=\"1522\" data-end=\"1592\">\n<p data-start=\"1524\" data-end=\"1592\">Deja la piel suave, luminosa y visiblemente renovada al despertar.<\/p>\n<\/li>\n<li data-start=\"1593\" data-end=\"1659\">\n<p data-start=\"1595\" data-end=\"1659\">Textura sedosa y no grasa, ideal para el masaje facial nocturno<\/p>\n<\/li>\n<\/ul>\n<h3 data-start=\"1666\" data-end=\"1689\"><strong data-start=\"1670\" data-end=\"1689\"><\/strong><\/h3>\n<ul data-start=\"1690\" data-end=\"1895\">\n<li data-start=\"1690\" data-end=\"1765\">\n<p data-start=\"1692\" data-end=\"1765\">Pieles que buscan luminosidad, elasticidad y un efecto pro-aging.<\/p>\n<\/li>\n<li data-start=\"1766\" data-end=\"1850\">\n<p data-start=\"1768\" data-end=\"1850\">Perfecto para pieles secas y normales que necesitan nutrici\u00f3n y confort.<\/p>\n<\/li>\n<li data-start=\"1851\" data-end=\"1895\">\n<p data-start=\"1853\" data-end=\"1895\">Ideal como tratamiento nocturno intensivo.<\/p>\n<\/li>\n<\/ul>\n<p>[\/et_pb_accordion_item][et_pb_accordion_item title=&#8221;Destaca por&#8221; open_toggle_text_color=&#8221;#443322&#8243; open_toggle_background_color=&#8221;rgba(221,204,170,0.24)&#8221; closed_toggle_text_color=&#8221;#443322&#8243; closed_toggle_background_color=&#8221;rgba(221,204,170,0.24)&#8221; icon_color=&#8221;#443322&#8243; use_icon_font_size=&#8221;on&#8221; icon_font_size=&#8221;20px&#8221; open_icon_color=&#8221;#443322&#8243; open_use_icon_font_size=&#8221;on&#8221; open_icon_font_size=&#8221;20px&#8221; _builder_version=&#8221;4.16&#8243; body_font=&#8221;Raleway||||||||&#8221; text_orientation=&#8221;left&#8221; border_color_all=&#8221;#998877&#8243; global_colors_info=&#8221;{}&#8221; toggle_text_color=&#8221;#443322&#8243; toggle_font=&#8221;Lora|700|on||||||&#8221; toggle_font_size=&#8221;20px&#8221; closed_toggle_font=&#8221;Lora|700|||||||&#8221; closed_toggle_font_size=&#8221;20px&#8221; open=&#8221;off&#8221;]<\/p>\n<ul>\n<li data-start=\"545\" data-end=\"695\">\n<p data-start=\"547\" data-end=\"695\"><strong data-start=\"547\" data-end=\"594\">Bakuchiol (alternativa vegetal al retinol):<\/strong> favorece la renovaci\u00f3n cut\u00e1nea, mejora la elasticidad y ayuda a suavizar l\u00edneas finas sin irritar.<\/p>\n<\/li>\n<li data-start=\"696\" data-end=\"801\">\n<p data-start=\"698\" data-end=\"801\"><strong data-start=\"698\" data-end=\"721\">Vitamina E natural:<\/strong> antioxidante esencial que refuerza la piel y la protege del estr\u00e9s oxidativo.<\/p>\n<\/li>\n<li data-start=\"802\" data-end=\"947\">\n<p data-start=\"804\" data-end=\"947\"><strong data-start=\"804\" data-end=\"874\">Aceites de rosa mosqueta, jojoba, arg\u00e1n y s\u00e9samo (v\u00edrgenes y bio):<\/strong> aportan nutrici\u00f3n profunda, flexibilidad y apoyo a la funci\u00f3n barrera.<\/p>\n<\/li>\n<li data-start=\"948\" data-end=\"1066\">\n<p data-start=\"950\" data-end=\"1066\"><strong data-start=\"950\" data-end=\"1019\">Macerados de helicriso del Montsec y cal\u00e9ndula de cultivo propio:<\/strong> acci\u00f3n calmante, reparadora y revitalizante.<\/p>\n<\/li>\n<li data-start=\"1067\" data-end=\"1209\">\n<p data-start=\"1069\" data-end=\"1209\"><strong data-start=\"1069\" data-end=\"1120\">Aceites esenciales de incienso y pomelo blanco:<\/strong> aromas naturales que favorecen la calma y la sensaci\u00f3n de armon\u00eda en el ritual nocturno.<\/p>\n<\/li>\n<\/ul>\n<p>[\/et_pb_accordion_item][et_pb_accordion_item title=&#8221;Composici\u00f3n&#8221; open=&#8221;off&#8221; open_toggle_text_color=&#8221;#443322&#8243; open_toggle_background_color=&#8221;rgba(221,204,170,0.24)&#8221; closed_toggle_text_color=&#8221;#443322&#8243; closed_toggle_background_color=&#8221;rgba(221,204,170,0.24)&#8221; icon_color=&#8221;#443322&#8243; use_icon_font_size=&#8221;on&#8221; icon_font_size=&#8221;20px&#8221; open_icon_color=&#8221;#443322&#8243; open_use_icon_font_size=&#8221;on&#8221; open_icon_font_size=&#8221;20px&#8221; _builder_version=&#8221;4.16&#8243; body_font=&#8221;Raleway||||||||&#8221; text_orientation=&#8221;left&#8221; border_color_all=&#8221;#998877&#8243; global_colors_info=&#8221;{}&#8221; toggle_text_color=&#8221;#443322&#8243; toggle_font=&#8221;Lora|700|on||||||&#8221; toggle_font_size=&#8221;20px&#8221; closed_toggle_font=&#8221;Lora|700|||||||&#8221; closed_toggle_font_size=&#8221;20px&#8221;]<\/p>\n<p data-start=\"97\" data-end=\"162\">Prunus amygdalus dulcis Oil*** (<strong data-start=\"129\" data-end=\"159\">aceite de almendras dulces<\/strong>), Simmondsia chinensis Seed Oil*** (<strong data-start=\"199\" data-end=\"219\">aceite de jojoba<\/strong>), Rosa canina Seed Oil*** (<strong data-start=\"250\" data-end=\"277\">aceite de rosa mosqueta<\/strong>), Sesamum indicum Seed Oil*** (<strong data-start=\"312\" data-end=\"332\">aceite de s\u00e9samo<\/strong>),\u00a0 Argania spinosa Kernel Oil*** (<strong data-start=\"369\" data-end=\"388\">aceite de arg\u00e1n<\/strong>), Helichrysum stoechas Flower Extract (<strong data-start=\"431\" data-end=\"470\">extracto de helicriso), <\/strong>Tocopherol (<strong data-start=\"488\" data-end=\"502\">vitamina E<\/strong>), Bakuchiol (<strong data-start=\"519\" data-end=\"532\">bakuchiol<\/strong>), Calendula officinalis Flower Extract (<strong data-start=\"576\" data-end=\"601\">extracto de cal\u00e9ndula<\/strong>), Boswellia carterii Resin Extract (<strong data-start=\"641\" data-end=\"675\">extracto de incienso), <\/strong>Citrus paradisi Peel Oil (<strong data-start=\"707\" data-end=\"736\">aceite esencial de pomelo<\/strong>),\u00a0<span style=\"font-weight: 400;\">Limonene*, Alpha-pinene*, Helianthus annuus seed oli (<strong data-start=\"835\" data-end=\"867\">aceite de semilla de girasol<\/strong>), Citral*, Beta-Caryophyllene*, Beta-pinene*, Linalool*, Citronellol*, Alpha Terpinene*, Alpha Terpineol*, Terpinolene*.\u00a0<\/span><\/p>\n<p data-start=\"97\" data-end=\"162\"><span style=\"font-weight: 400;\"><\/span><\/p>\n<p data-start=\"97\" data-end=\"162\"><span style=\"font-weight: 400;\">* Presentes naturalmente en los aceites esenciales puros\u00a0 <\/span><\/p>\n<p data-start=\"97\" data-end=\"162\"><span style=\"font-weight: 400;\">** de recolecci\u00f3n\/elaboraci\u00f3n propia <\/span><\/p>\n<p data-start=\"97\" data-end=\"162\"><span style=\"font-weight: 400;\">*** de procedencia ecologica certificada<\/span><\/p>\n<p>&nbsp;<\/p>\n<p>[\/et_pb_accordion_item][\/et_pb_accordion][\/et_pb_column][\/et_pb_row][et_pb_row _builder_version=&#8221;4.16&#8243; width=&#8221;100%&#8221; custom_margin=&#8221;40px|auto||auto||&#8221; global_colors_info=&#8221;{}&#8221;][et_pb_column type=&#8221;4_4&#8243; _builder_version=&#8221;4.16&#8243; global_colors_info=&#8221;{}&#8221;][et_pb_wc_related_products _builder_version=&#8221;4.16&#8243; global_colors_info=&#8221;{}&#8221;][\/et_pb_wc_related_products][\/et_pb_column][\/et_pb_row][et_pb_row _builder_version=&#8221;4.16&#8243; width=&#8221;100%&#8221; custom_margin=&#8221;40px|auto||auto||&#8221; global_colors_info=&#8221;{}&#8221;][et_pb_column type=&#8221;4_4&#8243; _builder_version=&#8221;4.16&#8243; global_colors_info=&#8221;{}&#8221;][et_pb_wc_reviews _builder_version=&#8221;4.19.1&#8243; _module_preset=&#8221;default&#8221; global_colors_info=&#8221;{}&#8221;][\/et_pb_wc_reviews][\/et_pb_column][\/et_pb_row][et_pb_row _builder_version=&#8221;4.16&#8243; width=&#8221;100%&#8221; custom_margin=&#8221;40px|auto||auto||&#8221; global_colors_info=&#8221;{}&#8221;][et_pb_column type=&#8221;4_4&#8243; _builder_version=&#8221;4.16&#8243; global_colors_info=&#8221;{}&#8221;][et_pb_wc_rating _builder_version=&#8221;4.19.1&#8243; _module_preset=&#8221;default&#8221; global_colors_info=&#8221;{}&#8221;][\/et_pb_wc_rating][\/et_pb_column][\/et_pb_row][\/et_pb_section]<\/p>\n","protected":false},"excerpt":{"rendered":"<p data-pm-slice=\"1 1 []\"><em>\u201cEl s\u00e8rum que et retorna la textura, llum i vida a la teva pell\u00bb<\/em><\/p>\n<p data-pm-slice=\"1 1 []\"><strong>Bakuchiol \u2013 Helicrisium \u2013 Vitamina E<\/strong><\/p>\n<p>Amb extracte de cal\u00e8ndula i olis verges bio de mosqueta, s\u00e8sam, jojoba i arg\u00e0nia.<\/p>\n<p>Es tracta d&#8217;un serum well-aging potent, 100% natural, org\u00e0nic, en un 92,2% ress\u00f2 certificat i artesanal. Regenera, il\u00b7lumina, calma i redueix la inflamaci\u00f3 i la flaccidesa de la teva pell estimulant la producci\u00f3 de col\u00b7lagen<\/p>\n<p>Nit<br \/>Pell seca \u2013 Pell madura<\/p>\n","protected":false},"featured_media":8283,"comment_status":"open","ping_status":"closed","template":"","meta":{"_et_pb_use_builder":"on","_et_pb_old_content":"Radiant es un s\u00e9rum facial de alta concentraci\u00f3n formulado con una sinergia de aceites vegetales v\u00edrgenes y bio que aportan una <strong>nutrici\u00f3n profunda y una luz natural inmediata<\/strong>. Su textura sedosa y ligera facilita una aplicaci\u00f3n agradable y un masaje que potencia la absorci\u00f3n de los activos, convirtiendo el momento nocturno en un ritual de cura consciente.\r\n\r\nSu activo protagonista es el bakuchiol, una alternativa vegetal al retinol, reconocida por su capacidad de favorecer la <strong>renovaci\u00f3n cut\u00e1nea<\/strong> con excelente tolerancia. Acompa\u00f1ado de vitamina E natural, crea un <strong>complejo well-aging<\/strong> que ayuda a mejorar la elasticidad, suavizar l\u00edneas finas y proteger la piel del estr\u00e9s oxidativo, contribuyendo a un <strong>aspecto m\u00e1s liso, uniforme y vital<\/strong>.\r\n\r\nFormulado con una base de aceites de rosa mosqueta, jojoba, arg\u00e1n y s\u00e9samo, nutre la piel en profundidad y refuerza la funci\u00f3n barrera, aportando suavidad y flexibilidad. Los aceites de helicr\u00edsum silvestre de las monta\u00f1as del Montsec y de cal\u00e9ndula de cultivo propio, ofrecen una <strong>acci\u00f3n calmante y reparadora<\/strong> excepcional, aportando propiedades regeneradoras que se perciben desde las primeras aplicaciones.\r\n\r\nEl <strong>aroma profundo y meditativo<\/strong> del incienso, combinado con la frescura sutil del pomelo, crea una experiencia sensorial que acompa\u00f1a la calma, la armon\u00eda, conexi\u00f3n y recojimiento.\r\n\r\nUn <strong>tratamiento intensivo de noche<\/strong> que deja la piel luminosa, hidratada y visiblemente revitalizada al despertar, pensado para potenciar la belleza natural y favorecer un rostro equilibrado, suave y radiante.","_et_gb_content_width":""},"product_brand":[],"product_cat":[52],"product_tag":[],"class_list":{"0":"post-8273","1":"product","2":"type-product","3":"status-publish","4":"has-post-thumbnail","6":"product_cat-facial-ca","8":"first","9":"instock","10":"taxable","11":"shipping-taxable","12":"purchasable","13":"product-type-simple"},"yoast_head":"<!-- This site is optimized with the Yoast SEO plugin v20.8 - https:\/\/yoast.com\/wordpress\/plugins\/seo\/ -->\n<title>Radiant - serum facial iluminador 30ml - Mandragora Cosm\u00e9tica<\/title>\n<meta name=\"robots\" content=\"index, follow, max-snippet:-1, max-image-preview:large, max-video-preview:-1\" \/>\n<link rel=\"canonical\" href=\"https:\/\/mandragoracosmetica.com\/ca\/producto\/radiant-serum-facial-iluminador\/\" \/>\n<meta property=\"og:locale\" content=\"ca_ES\" \/>\n<meta property=\"og:type\" content=\"article\" \/>\n<meta property=\"og:title\" content=\"Radiant - serum facial iluminador 30ml - Mandragora Cosm\u00e9tica\" \/>\n<meta property=\"og:description\" content=\"\u201cEl s\u00e8rum que et retorna la textura, llum i vida a la teva pell\u00bb Bakuchiol \u2013 Helicrisium \u2013 Vitamina EAmb extracte de cal\u00e8ndula i olis verges bio de mosqueta, s\u00e8sam, jojoba i arg\u00e0nia. Es tracta d&#039;un serum well-aging potent, 100% natural, org\u00e0nic, en un 92,2% ress\u00f2 certificat i artesanal. Regenera, il\u00b7lumina, calma i redueix la inflamaci\u00f3 i la flaccidesa de la teva pell estimulant la producci\u00f3 de col\u00b7lagenNitPell seca \u2013 Pell madura\" \/>\n<meta property=\"og:url\" content=\"https:\/\/mandragoracosmetica.com\/ca\/producto\/radiant-serum-facial-iluminador\/\" \/>\n<meta property=\"og:site_name\" content=\"Mandragora Cosm\u00e9tica\" \/>\n<meta property=\"article:modified_time\" content=\"2025-12-07T01:28:14+00:00\" \/>\n<meta property=\"og:image\" content=\"http:\/\/mandragoracosmetica.com\/wp-content\/uploads\/2025\/12\/WhatsApp-Image-2025-12-05-at-10.49.01-scaled-e1764928310477.jpeg\" \/>\n\t<meta property=\"og:image:width\" content=\"1129\" \/>\n\t<meta property=\"og:image:height\" content=\"1500\" \/>\n\t<meta property=\"og:image:type\" content=\"image\/jpeg\" \/>\n<meta name=\"twitter:card\" content=\"summary_large_image\" \/>\n<meta name=\"twitter:label1\" content=\"Temps estimat de lectura\" \/>\n\t<meta name=\"twitter:data1\" content=\"1 minut\" \/>\n<script type=\"application\/ld+json\" class=\"yoast-schema-graph\">{\"@context\":\"https:\/\/schema.org\",\"@graph\":[{\"@type\":\"WebPage\",\"@id\":\"https:\/\/mandragoracosmetica.com\/ca\/producto\/radiant-serum-facial-iluminador\/\",\"url\":\"https:\/\/mandragoracosmetica.com\/ca\/producto\/radiant-serum-facial-iluminador\/\",\"name\":\"Radiant - serum facial iluminador 30ml - Mandragora Cosm\u00e9tica\",\"isPartOf\":{\"@id\":\"https:\/\/mandragoracosmetica.com\/ca\/#website\"},\"datePublished\":\"2025-12-05T09:39:53+00:00\",\"dateModified\":\"2025-12-07T01:28:14+00:00\",\"breadcrumb\":{\"@id\":\"https:\/\/mandragoracosmetica.com\/ca\/producto\/radiant-serum-facial-iluminador\/#breadcrumb\"},\"inLanguage\":\"ca\",\"potentialAction\":[{\"@type\":\"ReadAction\",\"target\":[\"https:\/\/mandragoracosmetica.com\/ca\/producto\/radiant-serum-facial-iluminador\/\"]}]},{\"@type\":\"BreadcrumbList\",\"@id\":\"https:\/\/mandragoracosmetica.com\/ca\/producto\/radiant-serum-facial-iluminador\/#breadcrumb\",\"itemListElement\":[{\"@type\":\"ListItem\",\"position\":1,\"name\":\"Portada\",\"item\":\"https:\/\/mandragoracosmetica.com\/ca\/inici-copia\/\"},{\"@type\":\"ListItem\",\"position\":2,\"name\":\"Botiga\",\"item\":\"https:\/\/mandragoracosmetica.com\/ca\/tienda-3\/\"},{\"@type\":\"ListItem\",\"position\":3,\"name\":\"Radiant &#8211; serum facial iluminador 30ml\"}]},{\"@type\":\"WebSite\",\"@id\":\"https:\/\/mandragoracosmetica.com\/ca\/#website\",\"url\":\"https:\/\/mandragoracosmetica.com\/ca\/\",\"name\":\"Mandragora Cosm\u00e9tica\",\"description\":\"Cosm\u00e9tica artesanal y org\u00e1nica elaborada con criterio natural y conservantes vegetales\",\"publisher\":{\"@id\":\"https:\/\/mandragoracosmetica.com\/ca\/#organization\"},\"potentialAction\":[{\"@type\":\"SearchAction\",\"target\":{\"@type\":\"EntryPoint\",\"urlTemplate\":\"https:\/\/mandragoracosmetica.com\/ca\/?s={search_term_string}\"},\"query-input\":\"required name=search_term_string\"}],\"inLanguage\":\"ca\"},{\"@type\":\"Organization\",\"@id\":\"https:\/\/mandragoracosmetica.com\/ca\/#organization\",\"name\":\"Mandragora - cosm\u00e9tica natural artesana\",\"url\":\"https:\/\/mandragoracosmetica.com\/ca\/\",\"logo\":{\"@type\":\"ImageObject\",\"inLanguage\":\"ca\",\"@id\":\"https:\/\/mandragoracosmetica.com\/ca\/#\/schema\/logo\/image\/\",\"url\":\"https:\/\/mandragoracosmetica.com\/wp-content\/uploads\/2019\/11\/logo-compost-text-petit-scaled.png\",\"contentUrl\":\"https:\/\/mandragoracosmetica.com\/wp-content\/uploads\/2019\/11\/logo-compost-text-petit-scaled.png\",\"width\":1200,\"height\":480,\"caption\":\"Mandragora - cosm\u00e9tica natural artesana\"},\"image\":{\"@id\":\"https:\/\/mandragoracosmetica.com\/ca\/#\/schema\/logo\/image\/\"}}]}<\/script>\n<!-- \/ Yoast SEO plugin. -->","yoast_head_json":{"title":"Radiant - serum facial iluminador 30ml - Mandragora Cosm\u00e9tica","robots":{"index":"index","follow":"follow","max-snippet":"max-snippet:-1","max-image-preview":"max-image-preview:large","max-video-preview":"max-video-preview:-1"},"canonical":"https:\/\/mandragoracosmetica.com\/ca\/producto\/radiant-serum-facial-iluminador\/","og_locale":"ca_ES","og_type":"article","og_title":"Radiant - serum facial iluminador 30ml - Mandragora Cosm\u00e9tica","og_description":"\u201cEl s\u00e8rum que et retorna la textura, llum i vida a la teva pell\u00bb Bakuchiol \u2013 Helicrisium \u2013 Vitamina EAmb extracte de cal\u00e8ndula i olis verges bio de mosqueta, s\u00e8sam, jojoba i arg\u00e0nia. Es tracta d'un serum well-aging potent, 100% natural, org\u00e0nic, en un 92,2% ress\u00f2 certificat i artesanal. Regenera, il\u00b7lumina, calma i redueix la inflamaci\u00f3 i la flaccidesa de la teva pell estimulant la producci\u00f3 de col\u00b7lagenNitPell seca \u2013 Pell madura","og_url":"https:\/\/mandragoracosmetica.com\/ca\/producto\/radiant-serum-facial-iluminador\/","og_site_name":"Mandragora Cosm\u00e9tica","article_modified_time":"2025-12-07T01:28:14+00:00","og_image":[{"width":1129,"height":1500,"url":"http:\/\/mandragoracosmetica.com\/wp-content\/uploads\/2025\/12\/WhatsApp-Image-2025-12-05-at-10.49.01-scaled-e1764928310477.jpeg","type":"image\/jpeg"}],"twitter_card":"summary_large_image","twitter_misc":{"Temps estimat de lectura":"1 minut"},"schema":{"@context":"https:\/\/schema.org","@graph":[{"@type":"WebPage","@id":"https:\/\/mandragoracosmetica.com\/ca\/producto\/radiant-serum-facial-iluminador\/","url":"https:\/\/mandragoracosmetica.com\/ca\/producto\/radiant-serum-facial-iluminador\/","name":"Radiant - serum facial iluminador 30ml - Mandragora Cosm\u00e9tica","isPartOf":{"@id":"https:\/\/mandragoracosmetica.com\/ca\/#website"},"datePublished":"2025-12-05T09:39:53+00:00","dateModified":"2025-12-07T01:28:14+00:00","breadcrumb":{"@id":"https:\/\/mandragoracosmetica.com\/ca\/producto\/radiant-serum-facial-iluminador\/#breadcrumb"},"inLanguage":"ca","potentialAction":[{"@type":"ReadAction","target":["https:\/\/mandragoracosmetica.com\/ca\/producto\/radiant-serum-facial-iluminador\/"]}]},{"@type":"BreadcrumbList","@id":"https:\/\/mandragoracosmetica.com\/ca\/producto\/radiant-serum-facial-iluminador\/#breadcrumb","itemListElement":[{"@type":"ListItem","position":1,"name":"Portada","item":"https:\/\/mandragoracosmetica.com\/ca\/inici-copia\/"},{"@type":"ListItem","position":2,"name":"Botiga","item":"https:\/\/mandragoracosmetica.com\/ca\/tienda-3\/"},{"@type":"ListItem","position":3,"name":"Radiant &#8211; serum facial iluminador 30ml"}]},{"@type":"WebSite","@id":"https:\/\/mandragoracosmetica.com\/ca\/#website","url":"https:\/\/mandragoracosmetica.com\/ca\/","name":"Mandragora Cosm\u00e9tica","description":"Cosm\u00e9tica artesanal y org\u00e1nica elaborada con criterio natural y conservantes vegetales","publisher":{"@id":"https:\/\/mandragoracosmetica.com\/ca\/#organization"},"potentialAction":[{"@type":"SearchAction","target":{"@type":"EntryPoint","urlTemplate":"https:\/\/mandragoracosmetica.com\/ca\/?s={search_term_string}"},"query-input":"required name=search_term_string"}],"inLanguage":"ca"},{"@type":"Organization","@id":"https:\/\/mandragoracosmetica.com\/ca\/#organization","name":"Mandragora - cosm\u00e9tica natural artesana","url":"https:\/\/mandragoracosmetica.com\/ca\/","logo":{"@type":"ImageObject","inLanguage":"ca","@id":"https:\/\/mandragoracosmetica.com\/ca\/#\/schema\/logo\/image\/","url":"https:\/\/mandragoracosmetica.com\/wp-content\/uploads\/2019\/11\/logo-compost-text-petit-scaled.png","contentUrl":"https:\/\/mandragoracosmetica.com\/wp-content\/uploads\/2019\/11\/logo-compost-text-petit-scaled.png","width":1200,"height":480,"caption":"Mandragora - cosm\u00e9tica natural artesana"},"image":{"@id":"https:\/\/mandragoracosmetica.com\/ca\/#\/schema\/logo\/image\/"}}]}},"_links":{"self":[{"href":"https:\/\/mandragoracosmetica.com\/ca\/wp-json\/wp\/v2\/product\/8273","targetHints":{"allow":["GET"]}}],"collection":[{"href":"https:\/\/mandragoracosmetica.com\/ca\/wp-json\/wp\/v2\/product"}],"about":[{"href":"https:\/\/mandragoracosmetica.com\/ca\/wp-json\/wp\/v2\/types\/product"}],"replies":[{"embeddable":true,"href":"https:\/\/mandragoracosmetica.com\/ca\/wp-json\/wp\/v2\/comments?post=8273"}],"wp:featuredmedia":[{"embeddable":true,"href":"https:\/\/mandragoracosmetica.com\/ca\/wp-json\/wp\/v2\/media\/8283"}],"wp:attachment":[{"href":"https:\/\/mandragoracosmetica.com\/ca\/wp-json\/wp\/v2\/media?parent=8273"}],"wp:term":[{"taxonomy":"product_brand","embeddable":true,"href":"https:\/\/mandragoracosmetica.com\/ca\/wp-json\/wp\/v2\/product_brand?post=8273"},{"taxonomy":"product_cat","embeddable":true,"href":"https:\/\/mandragoracosmetica.com\/ca\/wp-json\/wp\/v2\/product_cat?post=8273"},{"taxonomy":"product_tag","embeddable":true,"href":"https:\/\/mandragoracosmetica.com\/ca\/wp-json\/wp\/v2\/product_tag?post=8273"}],"curies":[{"name":"wp","href":"https:\/\/api.w.org\/{rel}","templated":true}]}}