{"id":7210,"date":"2023-11-29T13:54:49","date_gmt":"2023-11-29T12:54:49","guid":{"rendered":"https:\/\/mandragoracosmetica.com\/?post_type=product&#038;p=7210"},"modified":"2024-04-10T12:50:33","modified_gmt":"2024-04-10T10:50:33","slug":"pack-radiant-rutinafacial","status":"publish","type":"product","link":"https:\/\/mandragoracosmetica.com\/ca\/producto\/pack-radiant-rutinafacial\/","title":{"rendered":"Pack Radiant &#8211; RITUAL FACIAL &#8211;"},"content":{"rendered":"<p>[et_pb_section fb_built=&#8221;1&#8243; _builder_version=&#8221;4.16&#8243; custom_padding=&#8221;0px||||false|false&#8221; global_colors_info=&#8221;{}&#8221;][et_pb_row _builder_version=&#8221;4.16&#8243; background_size=&#8221;initial&#8221; background_position=&#8221;top_left&#8221; background_repeat=&#8221;repeat&#8221; width=&#8221;100%&#8221; custom_padding=&#8221;0px||0px||false|false&#8221; global_colors_info=&#8221;{}&#8221;][et_pb_column type=&#8221;4_4&#8243; _builder_version=&#8221;4.16&#8243; custom_padding=&#8221;|||&#8221; global_colors_info=&#8221;{}&#8221; custom_padding__hover=&#8221;|||&#8221;][et_pb_wc_breadcrumb _builder_version=&#8221;4.16&#8243; global_colors_info=&#8221;{}&#8221;][\/et_pb_wc_breadcrumb][et_pb_wc_cart_notice _builder_version=&#8221;4.16&#8243; global_colors_info=&#8221;{}&#8221;][\/et_pb_wc_cart_notice][\/et_pb_column][\/et_pb_row][et_pb_row column_structure=&#8221;1_2,1_2&#8243; _builder_version=&#8221;4.16&#8243; background_size=&#8221;initial&#8221; background_position=&#8221;top_left&#8221; background_repeat=&#8221;repeat&#8221; width=&#8221;100%&#8221; custom_padding=&#8221;0px||||false|false&#8221; global_colors_info=&#8221;{}&#8221;][et_pb_column type=&#8221;1_2&#8243; _builder_version=&#8221;4.16&#8243; custom_padding=&#8221;|||&#8221; global_colors_info=&#8221;{}&#8221; custom_padding__hover=&#8221;|||&#8221;][et_pb_wc_images _builder_version=&#8221;4.16&#8243; global_colors_info=&#8221;{}&#8221;][\/et_pb_wc_images][\/et_pb_column][et_pb_column type=&#8221;1_2&#8243; _builder_version=&#8221;4.16&#8243; custom_padding=&#8221;|||&#8221; global_colors_info=&#8221;{}&#8221; custom_padding__hover=&#8221;|||&#8221;][et_pb_wc_title _builder_version=&#8221;4.16&#8243; global_colors_info=&#8221;{}&#8221;][\/et_pb_wc_title][et_pb_wc_rating _builder_version=&#8221;4.16&#8243; global_colors_info=&#8221;{}&#8221;][\/et_pb_wc_rating][et_pb_wc_price _builder_version=&#8221;4.16&#8243; global_colors_info=&#8221;{}&#8221;][\/et_pb_wc_price][et_pb_wc_description _builder_version=&#8221;4.16&#8243; global_colors_info=&#8221;{}&#8221;][\/et_pb_wc_description][et_pb_wc_add_to_cart _builder_version=&#8221;4.16&#8243; global_colors_info=&#8221;{}&#8221;][\/et_pb_wc_add_to_cart][et_pb_wc_meta _builder_version=&#8221;4.16&#8243; global_colors_info=&#8221;{}&#8221;][\/et_pb_wc_meta][\/et_pb_column][\/et_pb_row][et_pb_row _builder_version=&#8221;4.16&#8243; width=&#8221;100%&#8221; custom_margin=&#8221;40px|auto||auto||&#8221; global_colors_info=&#8221;{}&#8221;][et_pb_column type=&#8221;4_4&#8243; _builder_version=&#8221;4.16&#8243; global_colors_info=&#8221;{}&#8221;][et_pb_wc_related_products posts_number=&#8221;4&#8243; columns_number=&#8221;4&#8243; _builder_version=&#8221;4.16&#8243; global_colors_info=&#8221;{}&#8221;][\/et_pb_wc_related_products][\/et_pb_column][\/et_pb_row][et_pb_row _builder_version=&#8221;4.16&#8243; width=&#8221;100%&#8221; custom_margin=&#8221;40px|auto||auto||&#8221; locked=&#8221;off&#8221; global_colors_info=&#8221;{}&#8221; collapsed=&#8221;off&#8221;][et_pb_column type=&#8221;4_4&#8243; _builder_version=&#8221;4.16&#8243; global_colors_info=&#8221;{}&#8221;][et_pb_wc_reviews _builder_version=&#8221;4.19.1&#8243; _module_preset=&#8221;default&#8221; global_colors_info=&#8221;{}&#8221;][\/et_pb_wc_reviews][\/et_pb_column][\/et_pb_row][\/et_pb_section]<\/p>\n","protected":false},"excerpt":{"rendered":"<p>Ritual de bellesa i tractament facial espec\u00edfic per pells seques que necessiten un extra d&#8217;hidrataci\u00f3, nutrici\u00f3 i propietats per lluir amb tota la bellesa que ja tenen.<\/p>\n<p>Una selecci\u00f3 de productes d&#8217;\u00fas facial que inclou la neteja amb el sab\u00f3 Mosqueta, ideal per netejar amb suavitat i desmaquillar la pell.<\/p>\n<p>El s\u00e8rum facial Equilibrio, que hidrata en profunditat aportant llum i suavitat. Estimula la producci\u00f3 de col\u00b7lagen natural del cos, aporta una gran quantitat de silici org\u00e0nic i ajuda a allisar petites arrugues i taques, ja que refor\u00e7a els teixits combatent la flaccidesa.<\/p>\n<p>I la crema facial allisant Destella, potent tractament humectant, hidratant, nutritiu i altament antioxidant que aconsegueix recuperar el volum natural, allisant i unificant el to de la pell. Aporta lluminositat, elasticitat i recupera la textura de la pell m\u00e9s deshidratada ajudant a restaurar la barrera lip\u00eddica i afavorint el bon funcionament de les membranes cel\u00b7lulars.<br \/>\nA m\u00e9s cont\u00e9 probi\u00f2tics que enforteixen la barrera cut\u00e0nia mantenint-ne la salut i equilibri natural.  Usa-ho en aquest ordre tant de nit com de dia per una rutina facial perfecta!<\/p>\n<p>Aquest pack va embolicat amb les nostres capsetes especials <a href=\"https:\/\/mandragoracosmetica.com\/producto\/pack-personalizado-para-regalo\/\" rel=\"noopener\" target=\"_blank\">pack regal<\/a> decorades amb flors, aroma i una postal explicativa del pack amb tota aquesta informaci\u00f3 perqu\u00e8 qui ho rebi pugui captar l&#8217;especial que \u00e9s el teu regal<\/p>\n","protected":false},"featured_media":7212,"comment_status":"open","ping_status":"closed","template":"","meta":{"_et_pb_use_builder":"on","_et_pb_old_content":"","_et_gb_content_width":""},"product_brand":[],"product_cat":[54],"product_tag":[],"class_list":{"0":"post-7210","1":"product","2":"type-product","3":"status-publish","4":"has-post-thumbnail","6":"product_cat-packs-ca","8":"first","9":"instock","10":"taxable","11":"shipping-taxable","12":"purchasable","13":"product-type-simple"},"yoast_head":"<!-- This site is optimized with the Yoast SEO plugin v20.8 - https:\/\/yoast.com\/wordpress\/plugins\/seo\/ -->\n<title>Pack Radiant - RITUAL FACIAL - Mandragora Cosm\u00e9tica<\/title>\n<meta name=\"robots\" content=\"index, follow, max-snippet:-1, max-image-preview:large, max-video-preview:-1\" \/>\n<link rel=\"canonical\" href=\"https:\/\/mandragoracosmetica.com\/ca\/producto\/pack-radiant-rutinafacial\/\" \/>\n<meta property=\"og:locale\" content=\"ca_ES\" \/>\n<meta property=\"og:type\" content=\"article\" \/>\n<meta property=\"og:title\" content=\"Pack Radiant - RITUAL FACIAL - Mandragora Cosm\u00e9tica\" \/>\n<meta property=\"og:description\" content=\"Ritual de bellesa i tractament facial espec\u00edfic per pells seques que necessiten un extra d&#039;hidrataci\u00f3, nutrici\u00f3 i propietats per lluir amb tota la bellesa que ja tenen.  Una selecci\u00f3 de productes d&#039;\u00fas facial que inclou la neteja amb el sab\u00f3 Mosqueta, ideal per netejar amb suavitat i desmaquillar la pell.  El s\u00e8rum facial Equilibrio, que hidrata en profunditat aportant llum i suavitat. Estimula la producci\u00f3 de col\u00b7lagen natural del cos, aporta una gran quantitat de silici org\u00e0nic i ajuda a allisar petites arrugues i taques, ja que refor\u00e7a els teixits combatent la flaccidesa.  I la crema facial allisant Destella, potent tractament humectant, hidratant, nutritiu i altament antioxidant que aconsegueix recuperar el volum natural, allisant i unificant el to de la pell. Aporta lluminositat, elasticitat i recupera la textura de la pell m\u00e9s deshidratada ajudant a restaurar la barrera lip\u00eddica i afavorint el bon funcionament de les membranes cel\u00b7lulars. A m\u00e9s cont\u00e9 probi\u00f2tics que enforteixen la barrera cut\u00e0nia mantenint-ne la salut i equilibri natural. Usa-ho en aquest ordre tant de nit com de dia per una rutina facial perfecta!  Aquest pack va embolicat amb les nostres capsetes especials pack regal decorades amb flors, aroma i una postal explicativa del pack amb tota aquesta informaci\u00f3 perqu\u00e8 qui ho rebi pugui captar l&#039;especial que \u00e9s el teu regal\" \/>\n<meta property=\"og:url\" content=\"https:\/\/mandragoracosmetica.com\/ca\/producto\/pack-radiant-rutinafacial\/\" \/>\n<meta property=\"og:site_name\" content=\"Mandragora Cosm\u00e9tica\" \/>\n<meta property=\"article:modified_time\" content=\"2024-04-10T10:50:33+00:00\" \/>\n<meta property=\"og:image\" content=\"http:\/\/mandragoracosmetica.com\/wp-content\/uploads\/2023\/11\/pack-radiant-e1701262953723.jpg\" \/>\n\t<meta property=\"og:image:width\" content=\"1142\" \/>\n\t<meta property=\"og:image:height\" content=\"726\" \/>\n\t<meta property=\"og:image:type\" content=\"image\/jpeg\" \/>\n<meta name=\"twitter:card\" content=\"summary_large_image\" \/>\n<meta name=\"twitter:label1\" content=\"Temps estimat de lectura\" \/>\n\t<meta name=\"twitter:data1\" content=\"1 minut\" \/>\n<script type=\"application\/ld+json\" class=\"yoast-schema-graph\">{\"@context\":\"https:\/\/schema.org\",\"@graph\":[{\"@type\":\"WebPage\",\"@id\":\"https:\/\/mandragoracosmetica.com\/ca\/producto\/pack-radiant-rutinafacial\/\",\"url\":\"https:\/\/mandragoracosmetica.com\/ca\/producto\/pack-radiant-rutinafacial\/\",\"name\":\"Pack Radiant - RITUAL FACIAL - Mandragora Cosm\u00e9tica\",\"isPartOf\":{\"@id\":\"https:\/\/mandragoracosmetica.com\/ca\/#website\"},\"datePublished\":\"2023-11-29T12:54:49+00:00\",\"dateModified\":\"2024-04-10T10:50:33+00:00\",\"breadcrumb\":{\"@id\":\"https:\/\/mandragoracosmetica.com\/ca\/producto\/pack-radiant-rutinafacial\/#breadcrumb\"},\"inLanguage\":\"ca\",\"potentialAction\":[{\"@type\":\"ReadAction\",\"target\":[\"https:\/\/mandragoracosmetica.com\/ca\/producto\/pack-radiant-rutinafacial\/\"]}]},{\"@type\":\"BreadcrumbList\",\"@id\":\"https:\/\/mandragoracosmetica.com\/ca\/producto\/pack-radiant-rutinafacial\/#breadcrumb\",\"itemListElement\":[{\"@type\":\"ListItem\",\"position\":1,\"name\":\"Portada\",\"item\":\"https:\/\/mandragoracosmetica.com\/ca\/inici-copia\/\"},{\"@type\":\"ListItem\",\"position\":2,\"name\":\"Botiga\",\"item\":\"https:\/\/mandragoracosmetica.com\/ca\/tienda-3\/\"},{\"@type\":\"ListItem\",\"position\":3,\"name\":\"Pack Radiant &#8211; RITUAL FACIAL &#8211;\"}]},{\"@type\":\"WebSite\",\"@id\":\"https:\/\/mandragoracosmetica.com\/ca\/#website\",\"url\":\"https:\/\/mandragoracosmetica.com\/ca\/\",\"name\":\"Mandragora Cosm\u00e9tica\",\"description\":\"Cosm\u00e9tica artesanal y org\u00e1nica elaborada con criterio natural y conservantes vegetales\",\"publisher\":{\"@id\":\"https:\/\/mandragoracosmetica.com\/ca\/#organization\"},\"potentialAction\":[{\"@type\":\"SearchAction\",\"target\":{\"@type\":\"EntryPoint\",\"urlTemplate\":\"https:\/\/mandragoracosmetica.com\/ca\/?s={search_term_string}\"},\"query-input\":\"required name=search_term_string\"}],\"inLanguage\":\"ca\"},{\"@type\":\"Organization\",\"@id\":\"https:\/\/mandragoracosmetica.com\/ca\/#organization\",\"name\":\"Mandragora - cosm\u00e9tica natural artesana\",\"url\":\"https:\/\/mandragoracosmetica.com\/ca\/\",\"logo\":{\"@type\":\"ImageObject\",\"inLanguage\":\"ca\",\"@id\":\"https:\/\/mandragoracosmetica.com\/ca\/#\/schema\/logo\/image\/\",\"url\":\"https:\/\/mandragoracosmetica.com\/wp-content\/uploads\/2019\/11\/logo-compost-text-petit-scaled.png\",\"contentUrl\":\"https:\/\/mandragoracosmetica.com\/wp-content\/uploads\/2019\/11\/logo-compost-text-petit-scaled.png\",\"width\":1200,\"height\":480,\"caption\":\"Mandragora - cosm\u00e9tica natural artesana\"},\"image\":{\"@id\":\"https:\/\/mandragoracosmetica.com\/ca\/#\/schema\/logo\/image\/\"}}]}<\/script>\n<!-- \/ Yoast SEO plugin. -->","yoast_head_json":{"title":"Pack Radiant - RITUAL FACIAL - Mandragora Cosm\u00e9tica","robots":{"index":"index","follow":"follow","max-snippet":"max-snippet:-1","max-image-preview":"max-image-preview:large","max-video-preview":"max-video-preview:-1"},"canonical":"https:\/\/mandragoracosmetica.com\/ca\/producto\/pack-radiant-rutinafacial\/","og_locale":"ca_ES","og_type":"article","og_title":"Pack Radiant - RITUAL FACIAL - Mandragora Cosm\u00e9tica","og_description":"Ritual de bellesa i tractament facial espec\u00edfic per pells seques que necessiten un extra d'hidrataci\u00f3, nutrici\u00f3 i propietats per lluir amb tota la bellesa que ja tenen.  Una selecci\u00f3 de productes d'\u00fas facial que inclou la neteja amb el sab\u00f3 Mosqueta, ideal per netejar amb suavitat i desmaquillar la pell.  El s\u00e8rum facial Equilibrio, que hidrata en profunditat aportant llum i suavitat. Estimula la producci\u00f3 de col\u00b7lagen natural del cos, aporta una gran quantitat de silici org\u00e0nic i ajuda a allisar petites arrugues i taques, ja que refor\u00e7a els teixits combatent la flaccidesa.  I la crema facial allisant Destella, potent tractament humectant, hidratant, nutritiu i altament antioxidant que aconsegueix recuperar el volum natural, allisant i unificant el to de la pell. Aporta lluminositat, elasticitat i recupera la textura de la pell m\u00e9s deshidratada ajudant a restaurar la barrera lip\u00eddica i afavorint el bon funcionament de les membranes cel\u00b7lulars. A m\u00e9s cont\u00e9 probi\u00f2tics que enforteixen la barrera cut\u00e0nia mantenint-ne la salut i equilibri natural. Usa-ho en aquest ordre tant de nit com de dia per una rutina facial perfecta!  Aquest pack va embolicat amb les nostres capsetes especials pack regal decorades amb flors, aroma i una postal explicativa del pack amb tota aquesta informaci\u00f3 perqu\u00e8 qui ho rebi pugui captar l'especial que \u00e9s el teu regal","og_url":"https:\/\/mandragoracosmetica.com\/ca\/producto\/pack-radiant-rutinafacial\/","og_site_name":"Mandragora Cosm\u00e9tica","article_modified_time":"2024-04-10T10:50:33+00:00","og_image":[{"width":1142,"height":726,"url":"http:\/\/mandragoracosmetica.com\/wp-content\/uploads\/2023\/11\/pack-radiant-e1701262953723.jpg","type":"image\/jpeg"}],"twitter_card":"summary_large_image","twitter_misc":{"Temps estimat de lectura":"1 minut"},"schema":{"@context":"https:\/\/schema.org","@graph":[{"@type":"WebPage","@id":"https:\/\/mandragoracosmetica.com\/ca\/producto\/pack-radiant-rutinafacial\/","url":"https:\/\/mandragoracosmetica.com\/ca\/producto\/pack-radiant-rutinafacial\/","name":"Pack Radiant - RITUAL FACIAL - Mandragora Cosm\u00e9tica","isPartOf":{"@id":"https:\/\/mandragoracosmetica.com\/ca\/#website"},"datePublished":"2023-11-29T12:54:49+00:00","dateModified":"2024-04-10T10:50:33+00:00","breadcrumb":{"@id":"https:\/\/mandragoracosmetica.com\/ca\/producto\/pack-radiant-rutinafacial\/#breadcrumb"},"inLanguage":"ca","potentialAction":[{"@type":"ReadAction","target":["https:\/\/mandragoracosmetica.com\/ca\/producto\/pack-radiant-rutinafacial\/"]}]},{"@type":"BreadcrumbList","@id":"https:\/\/mandragoracosmetica.com\/ca\/producto\/pack-radiant-rutinafacial\/#breadcrumb","itemListElement":[{"@type":"ListItem","position":1,"name":"Portada","item":"https:\/\/mandragoracosmetica.com\/ca\/inici-copia\/"},{"@type":"ListItem","position":2,"name":"Botiga","item":"https:\/\/mandragoracosmetica.com\/ca\/tienda-3\/"},{"@type":"ListItem","position":3,"name":"Pack Radiant &#8211; RITUAL FACIAL &#8211;"}]},{"@type":"WebSite","@id":"https:\/\/mandragoracosmetica.com\/ca\/#website","url":"https:\/\/mandragoracosmetica.com\/ca\/","name":"Mandragora Cosm\u00e9tica","description":"Cosm\u00e9tica artesanal y org\u00e1nica elaborada con criterio natural y conservantes vegetales","publisher":{"@id":"https:\/\/mandragoracosmetica.com\/ca\/#organization"},"potentialAction":[{"@type":"SearchAction","target":{"@type":"EntryPoint","urlTemplate":"https:\/\/mandragoracosmetica.com\/ca\/?s={search_term_string}"},"query-input":"required name=search_term_string"}],"inLanguage":"ca"},{"@type":"Organization","@id":"https:\/\/mandragoracosmetica.com\/ca\/#organization","name":"Mandragora - cosm\u00e9tica natural artesana","url":"https:\/\/mandragoracosmetica.com\/ca\/","logo":{"@type":"ImageObject","inLanguage":"ca","@id":"https:\/\/mandragoracosmetica.com\/ca\/#\/schema\/logo\/image\/","url":"https:\/\/mandragoracosmetica.com\/wp-content\/uploads\/2019\/11\/logo-compost-text-petit-scaled.png","contentUrl":"https:\/\/mandragoracosmetica.com\/wp-content\/uploads\/2019\/11\/logo-compost-text-petit-scaled.png","width":1200,"height":480,"caption":"Mandragora - cosm\u00e9tica natural artesana"},"image":{"@id":"https:\/\/mandragoracosmetica.com\/ca\/#\/schema\/logo\/image\/"}}]}},"_links":{"self":[{"href":"https:\/\/mandragoracosmetica.com\/ca\/wp-json\/wp\/v2\/product\/7210","targetHints":{"allow":["GET"]}}],"collection":[{"href":"https:\/\/mandragoracosmetica.com\/ca\/wp-json\/wp\/v2\/product"}],"about":[{"href":"https:\/\/mandragoracosmetica.com\/ca\/wp-json\/wp\/v2\/types\/product"}],"replies":[{"embeddable":true,"href":"https:\/\/mandragoracosmetica.com\/ca\/wp-json\/wp\/v2\/comments?post=7210"}],"wp:featuredmedia":[{"embeddable":true,"href":"https:\/\/mandragoracosmetica.com\/ca\/wp-json\/wp\/v2\/media\/7212"}],"wp:attachment":[{"href":"https:\/\/mandragoracosmetica.com\/ca\/wp-json\/wp\/v2\/media?parent=7210"}],"wp:term":[{"taxonomy":"product_brand","embeddable":true,"href":"https:\/\/mandragoracosmetica.com\/ca\/wp-json\/wp\/v2\/product_brand?post=7210"},{"taxonomy":"product_cat","embeddable":true,"href":"https:\/\/mandragoracosmetica.com\/ca\/wp-json\/wp\/v2\/product_cat?post=7210"},{"taxonomy":"product_tag","embeddable":true,"href":"https:\/\/mandragoracosmetica.com\/ca\/wp-json\/wp\/v2\/product_tag?post=7210"}],"curies":[{"name":"wp","href":"https:\/\/api.w.org\/{rel}","templated":true}]}}