{"id":4232,"date":"2019-11-04T18:47:38","date_gmt":"2019-11-04T17:47:38","guid":{"rendered":"https:\/\/mandragoracosmetica.com\/producto\/mosqueta\/"},"modified":"2024-07-09T04:38:44","modified_gmt":"2024-07-09T02:38:44","slug":"mosqueta","status":"publish","type":"product","link":"https:\/\/mandragoracosmetica.com\/ca\/producto\/mosqueta\/","title":{"rendered":"Mosqueta &#8211; sab\u00f3 facial 90 gr."},"content":{"rendered":"<p>[et_pb_section fb_built=&#8221;1&#8243; _builder_version=&#8221;4.16&#8243; custom_padding=&#8221;0px||||false|false&#8221; global_colors_info=&#8221;{}&#8221;][et_pb_row _builder_version=&#8221;4.16&#8243; background_size=&#8221;initial&#8221; background_position=&#8221;top_left&#8221; background_repeat=&#8221;repeat&#8221; width=&#8221;100%&#8221; custom_padding=&#8221;0px||0px||false|false&#8221; global_colors_info=&#8221;{}&#8221;][et_pb_column type=&#8221;4_4&#8243; _builder_version=&#8221;4.16&#8243; custom_padding=&#8221;|||&#8221; global_colors_info=&#8221;{}&#8221; custom_padding__hover=&#8221;|||&#8221;][et_pb_wc_breadcrumb _builder_version=&#8221;4.16&#8243; global_colors_info=&#8221;{}&#8221;][\/et_pb_wc_breadcrumb][et_pb_wc_cart_notice _builder_version=&#8221;4.16&#8243; global_colors_info=&#8221;{}&#8221;][\/et_pb_wc_cart_notice][\/et_pb_column][\/et_pb_row][et_pb_row column_structure=&#8221;1_2,1_2&#8243; _builder_version=&#8221;4.16&#8243; background_size=&#8221;initial&#8221; background_position=&#8221;top_left&#8221; background_repeat=&#8221;repeat&#8221; width=&#8221;100%&#8221; custom_padding=&#8221;0px||||false|false&#8221; global_colors_info=&#8221;{}&#8221;][et_pb_column type=&#8221;1_2&#8243; _builder_version=&#8221;4.16&#8243; custom_padding=&#8221;|||&#8221; global_colors_info=&#8221;{}&#8221; custom_padding__hover=&#8221;|||&#8221;][et_pb_wc_images _builder_version=&#8221;4.16&#8243; global_colors_info=&#8221;{}&#8221;][\/et_pb_wc_images][\/et_pb_column][et_pb_column type=&#8221;1_2&#8243; _builder_version=&#8221;4.16&#8243; custom_padding=&#8221;|||&#8221; global_colors_info=&#8221;{}&#8221; custom_padding__hover=&#8221;|||&#8221;][et_pb_wc_title _builder_version=&#8221;4.16&#8243; global_colors_info=&#8221;{}&#8221;][\/et_pb_wc_title][et_pb_wc_rating _builder_version=&#8221;4.16&#8243; global_colors_info=&#8221;{}&#8221;][\/et_pb_wc_rating][et_pb_wc_price _builder_version=&#8221;4.16&#8243; global_colors_info=&#8221;{}&#8221;][\/et_pb_wc_price][et_pb_wc_description _builder_version=&#8221;4.16&#8243; background_enable_color=&#8221;off&#8221; global_colors_info=&#8221;{}&#8221;][\/et_pb_wc_description][et_pb_wc_add_to_cart _builder_version=&#8221;4.16&#8243; global_colors_info=&#8221;{}&#8221;][\/et_pb_wc_add_to_cart][et_pb_wc_meta _builder_version=&#8221;4.16&#8243; global_colors_info=&#8221;{}&#8221;][\/et_pb_wc_meta][\/et_pb_column][\/et_pb_row][et_pb_row _builder_version=&#8221;4.16&#8243; width=&#8221;100%&#8221; max_width=&#8221;1111px&#8221; custom_padding=&#8221;||0px|||&#8221; global_colors_info=&#8221;{}&#8221;][et_pb_column type=&#8221;4_4&#8243; _builder_version=&#8221;4.16&#8243; global_colors_info=&#8221;{}&#8221;][et_pb_accordion _builder_version=&#8221;4.16&#8243; global_colors_info=&#8221;{}&#8221;][et_pb_accordion_item title=&#8221;Utilitats&#8221; open=&#8221;on&#8221; open_toggle_text_color=&#8221;#443322&#8243; open_toggle_background_color=&#8221;rgba(221,204,170,0.24)&#8221; closed_toggle_text_color=&#8221;#443322&#8243; closed_toggle_background_color=&#8221;rgba(221,204,170,0.24)&#8221; icon_color=&#8221;#443322&#8243; use_icon_font_size=&#8221;on&#8221; icon_font_size=&#8221;20px&#8221; open_icon_color=&#8221;#443322&#8243; open_use_icon_font_size=&#8221;on&#8221; open_icon_font_size=&#8221;20px&#8221; _builder_version=&#8221;4.16&#8243; body_font=&#8221;Raleway||||||||&#8221; text_orientation=&#8221;left&#8221; border_color_all=&#8221;#998877&#8243; global_colors_info=&#8221;{}&#8221; toggle_text_color=&#8221;#443322&#8243; toggle_font=&#8221;Lora|700|on||||||&#8221; toggle_font_size=&#8221;20px&#8221; closed_toggle_font=&#8221;Lora|700|||||||&#8221; closed_toggle_font_size=&#8221;20px&#8221;]<span style=\"font-weight: 400;\">&#8211; Netejador facial.<\/span><span style=\"font-weight: 400;\"><br \/>\n<\/span><span style=\"font-weight: 400;\">&#8211; Per pell normal i seca.<\/span><span style=\"font-weight: 400;\"><br \/>\n<\/span><span style=\"font-weight: 400;\">&#8211; \u00c9s genial com a desmaquillant.<\/span>[\/et_pb_accordion_item][et_pb_accordion_item title=&#8221;Destaca per&#8221; open_toggle_text_color=&#8221;#443322&#8243; open_toggle_background_color=&#8221;rgba(221,204,170,0.24)&#8221; closed_toggle_text_color=&#8221;#443322&#8243; closed_toggle_background_color=&#8221;rgba(221,204,170,0.24)&#8221; icon_color=&#8221;#443322&#8243; use_icon_font_size=&#8221;on&#8221; icon_font_size=&#8221;20px&#8221; open_icon_color=&#8221;#443322&#8243; open_use_icon_font_size=&#8221;on&#8221; open_icon_font_size=&#8221;20px&#8221; _builder_version=&#8221;4.16&#8243; body_font=&#8221;Raleway||||||||&#8221; text_orientation=&#8221;left&#8221; border_color_all=&#8221;#998877&#8243; global_colors_info=&#8221;{}&#8221; toggle_text_color=&#8221;#443322&#8243; toggle_font=&#8221;Lora|700|on||||||&#8221; toggle_font_size=&#8221;20px&#8221; closed_toggle_font=&#8221;Lora|700|||||||&#8221; closed_toggle_font_size=&#8221;20px&#8221; open=&#8221;off&#8221;]<span style=\"font-weight: 400;\">\u2022 La base amb olis verges d&#8217;origen biol\u00f2gic i extrets de primera premsada en fred el converteix en un sab\u00f3 netejador i hidratant suau.\u00a0<\/span><span style=\"font-weight: 400;\"><br \/>\n<\/span><span style=\"font-weight: 400;\">\u2022 La rosa mosqueta, excel\u00b7lent emolient i suavitzant, t\u00e9 poder antioxidant i en sinergia amb l&#8217;argila blanca produeix l&#8217;acci\u00f3 absorvent i elimina les impureses.\u00a0<\/span><span style=\"font-weight: 400;\"><br \/>\n<\/span><span style=\"font-weight: 400;\">\u2022 L&#8217;extracte de mirra de la composici\u00f3 aporta el poder antioxidant, cicatritzant i allisant.<\/span><span style=\"font-weight: 400;\"><br \/>\n<\/span><span style=\"font-weight: 400;\">\u2022 La sinergia d&#8217;olis essencials purs de palma-rosa i taronja completen l&#8217;efic\u00e0cia antis\u00e8ptica i cicatritzant i ens duen a la connexi\u00f3 interior i ens aporten calma i equilibri.<\/span>[\/et_pb_accordion_item][et_pb_accordion_item title=&#8221;Composici\u00f3&#8221; open_toggle_text_color=&#8221;#443322&#8243; open_toggle_background_color=&#8221;rgba(221,204,170,0.24)&#8221; closed_toggle_text_color=&#8221;#443322&#8243; closed_toggle_background_color=&#8221;rgba(221,204,170,0.24)&#8221; icon_color=&#8221;#443322&#8243; use_icon_font_size=&#8221;on&#8221; icon_font_size=&#8221;20px&#8221; open_icon_color=&#8221;#443322&#8243; open_use_icon_font_size=&#8221;on&#8221; open_icon_font_size=&#8221;20px&#8221; _builder_version=&#8221;4.16&#8243; body_font=&#8221;Raleway||||||||&#8221; text_orientation=&#8221;left&#8221; border_color_all=&#8221;#998877&#8243; global_colors_info=&#8221;{}&#8221; toggle_text_color=&#8221;#443322&#8243; toggle_font=&#8221;Lora|700|on||||||&#8221; toggle_font_size=&#8221;20px&#8221; closed_toggle_font=&#8221;Lora|700|||||||&#8221; closed_toggle_font_size=&#8221;20px&#8221; open=&#8221;off&#8221;]<span style=\"font-weight: 400;\">Prunus Amygdalus Dulcis Oil (oli d&#8217;ametlles dolces), Aqua, Cocos Nucifera Oil*** (oli de coco verge), Olea Europaea Fruit Oil*** (oli d&#8217;oliva verge), Sodium Hydroxide (sosa c\u00e0ustica), Rosa Canina Fruit Oil*** (oli de rosa mosqueta verge), Illite (argila vermella), Commiphora Myrrha Resin Extract** (extracte de mirra), Citrus Sinensis Peel Oil Expressed*** (a.e taronja), Cymbopogon Martini Herb Oil*** (a.e palma-rosa), Alcohol Denat, Limonene*, Geraniol*.<\/span><\/p>\n<p>*presents naturalmente als olis essencials purs.<br \/>\n** de recol\u00b7lecci\u00f3\/elaboraci\u00f3 pr\u00f2pia.<br \/>\n*** de proced\u00e8ncia ecol\u00f2gica certificada.[\/et_pb_accordion_item][\/et_pb_accordion][\/et_pb_column][\/et_pb_row][et_pb_row _builder_version=&#8221;4.16&#8243; width=&#8221;100%&#8221; custom_margin=&#8221;40px|auto||auto||&#8221; global_colors_info=&#8221;{}&#8221;][et_pb_column type=&#8221;4_4&#8243; _builder_version=&#8221;4.16&#8243; global_colors_info=&#8221;{}&#8221;][et_pb_wc_related_products posts_number=&#8221;4&#8243; columns_number=&#8221;4&#8243; _builder_version=&#8221;4.16&#8243; global_colors_info=&#8221;{}&#8221;][\/et_pb_wc_related_products][\/et_pb_column][\/et_pb_row][et_pb_row _builder_version=&#8221;4.16&#8243; width=&#8221;100%&#8221; custom_margin=&#8221;40px|auto||auto||&#8221; global_colors_info=&#8221;{}&#8221;][et_pb_column type=&#8221;4_4&#8243; _builder_version=&#8221;4.16&#8243; global_colors_info=&#8221;{}&#8221;][et_pb_wc_reviews _builder_version=&#8221;4.19.1&#8243; _module_preset=&#8221;default&#8221; global_colors_info=&#8221;{}&#8221;][\/et_pb_wc_reviews][\/et_pb_column][\/et_pb_row][et_pb_row _builder_version=&#8221;4.16&#8243; width=&#8221;100%&#8221; custom_margin=&#8221;40px|auto||auto||&#8221; global_colors_info=&#8221;{}&#8221;][et_pb_column type=&#8221;4_4&#8243; _builder_version=&#8221;4.16&#8243; global_colors_info=&#8221;{}&#8221;][et_pb_wc_rating _builder_version=&#8221;4.19.1&#8243; _module_preset=&#8221;default&#8221; global_colors_info=&#8221;{}&#8221;][\/et_pb_wc_rating][\/et_pb_column][\/et_pb_row][\/et_pb_section]<\/p>\n","protected":false},"excerpt":{"rendered":"<p><strong>\u201cSent l&#8217;equilibri i la tranquil\u00b7litat que et desperta l&#8217;aroma floral i c\u00edtric\u201d<\/strong><\/p>\n<p><span style=\"font-weight: 400\">Coco bio \u2013 Rosa mosqueta bio &#8211; Palma-rosa bio \u2013 Taronja Bio<\/span><span style=\"font-weight: 400\"><br \/>\n<\/span><span style=\"font-weight: 400\">Amb estracte de Mirra i argila vermella<\/span><span style=\"font-weight: 400\"><br \/>\n<\/span><span style=\"font-weight: 400\"><br \/>\n<\/span><span style=\"font-weight: 400\">Un sab\u00f3 ideal per fer-lo servir com a desmaquillant i netejar la pell di\u00e0riament per mantenir-la hidratada i llisa.\u00a0<\/span><span style=\"font-weight: 400\"><br \/>\n<\/span><span style=\"font-weight: 400\"><br \/>\n<\/span><span style=\"font-weight: 400\">Netaja, hidrata i allisa la pell<\/span><span style=\"font-weight: 400\"><br \/>\n<\/span><span style=\"font-weight: 400\"><br \/>\n<\/span><span style=\"font-weight: 400\">Pell normal \u2013 Pell seca<\/span><\/p>\n<div id=\"gtx-trans\">\n<div class=\"gtx-trans-icon\"><\/div>\n<\/div>\n","protected":false},"featured_media":4233,"comment_status":"open","ping_status":"closed","template":"","meta":{"_et_pb_use_builder":"on","_et_pb_old_content":"","_et_gb_content_width":""},"product_brand":[],"product_cat":[52,53],"product_tag":[],"class_list":{"0":"post-4232","1":"product","2":"type-product","3":"status-publish","4":"has-post-thumbnail","6":"product_cat-facial-ca","7":"product_cat-higiene-ca","9":"first","10":"instock","11":"taxable","12":"shipping-taxable","13":"purchasable","14":"product-type-simple"},"yoast_head":"<!-- This site is optimized with the Yoast SEO plugin v20.8 - https:\/\/yoast.com\/wordpress\/plugins\/seo\/ -->\n<title>Mosqueta - sab\u00f3 facial 90 gr. - Mandragora Cosm\u00e9tica<\/title>\n<meta name=\"robots\" content=\"index, follow, max-snippet:-1, max-image-preview:large, max-video-preview:-1\" \/>\n<link rel=\"canonical\" href=\"https:\/\/mandragoracosmetica.com\/ca\/producto\/mosqueta\/\" \/>\n<meta property=\"og:locale\" content=\"ca_ES\" \/>\n<meta property=\"og:type\" content=\"article\" \/>\n<meta property=\"og:title\" content=\"Mosqueta - sab\u00f3 facial 90 gr. - Mandragora Cosm\u00e9tica\" \/>\n<meta property=\"og:description\" content=\"\u201cSent l&#039;equilibri i la tranquil\u00b7litat que et desperta l&#039;aroma floral i c\u00edtric\u201d  Coco bio \u2013 Rosa mosqueta bio - Palma-rosa bio \u2013 Taronja Bio Amb estracte de Mirra i argila vermella  Un sab\u00f3 ideal per fer-lo servir com a desmaquillant i netejar la pell di\u00e0riament per mantenir-la hidratada i llisa.\u00a0  Netaja, hidrata i allisa la pell  Pell normal \u2013 Pell seca\" \/>\n<meta property=\"og:url\" content=\"https:\/\/mandragoracosmetica.com\/ca\/producto\/mosqueta\/\" \/>\n<meta property=\"og:site_name\" content=\"Mandragora Cosm\u00e9tica\" \/>\n<meta property=\"article:modified_time\" content=\"2024-07-09T02:38:44+00:00\" \/>\n<meta property=\"og:image\" content=\"http:\/\/mandragoracosmetica.com\/wp-content\/uploads\/2019\/11\/mosqueta3.jpg\" \/>\n\t<meta property=\"og:image:width\" content=\"1200\" \/>\n\t<meta property=\"og:image:height\" content=\"798\" \/>\n\t<meta property=\"og:image:type\" content=\"image\/jpeg\" \/>\n<meta name=\"twitter:card\" content=\"summary_large_image\" \/>\n<meta name=\"twitter:label1\" content=\"Temps estimat de lectura\" \/>\n\t<meta name=\"twitter:data1\" content=\"2 minuts\" \/>\n<script type=\"application\/ld+json\" class=\"yoast-schema-graph\">{\"@context\":\"https:\/\/schema.org\",\"@graph\":[{\"@type\":\"WebPage\",\"@id\":\"https:\/\/mandragoracosmetica.com\/ca\/producto\/mosqueta\/\",\"url\":\"https:\/\/mandragoracosmetica.com\/ca\/producto\/mosqueta\/\",\"name\":\"Mosqueta - sab\u00f3 facial 90 gr. - Mandragora Cosm\u00e9tica\",\"isPartOf\":{\"@id\":\"https:\/\/mandragoracosmetica.com\/ca\/#website\"},\"datePublished\":\"2019-11-04T17:47:38+00:00\",\"dateModified\":\"2024-07-09T02:38:44+00:00\",\"breadcrumb\":{\"@id\":\"https:\/\/mandragoracosmetica.com\/ca\/producto\/mosqueta\/#breadcrumb\"},\"inLanguage\":\"ca\",\"potentialAction\":[{\"@type\":\"ReadAction\",\"target\":[\"https:\/\/mandragoracosmetica.com\/ca\/producto\/mosqueta\/\"]}]},{\"@type\":\"BreadcrumbList\",\"@id\":\"https:\/\/mandragoracosmetica.com\/ca\/producto\/mosqueta\/#breadcrumb\",\"itemListElement\":[{\"@type\":\"ListItem\",\"position\":1,\"name\":\"Portada\",\"item\":\"https:\/\/mandragoracosmetica.com\/ca\/inici-copia\/\"},{\"@type\":\"ListItem\",\"position\":2,\"name\":\"Botiga\",\"item\":\"https:\/\/mandragoracosmetica.com\/ca\/tienda-3\/\"},{\"@type\":\"ListItem\",\"position\":3,\"name\":\"Mosqueta &#8211; sab\u00f3 facial 90 gr.\"}]},{\"@type\":\"WebSite\",\"@id\":\"https:\/\/mandragoracosmetica.com\/ca\/#website\",\"url\":\"https:\/\/mandragoracosmetica.com\/ca\/\",\"name\":\"Mandragora Cosm\u00e9tica\",\"description\":\"Cosm\u00e9tica artesanal y org\u00e1nica elaborada con criterio natural y conservantes vegetales\",\"publisher\":{\"@id\":\"https:\/\/mandragoracosmetica.com\/ca\/#organization\"},\"potentialAction\":[{\"@type\":\"SearchAction\",\"target\":{\"@type\":\"EntryPoint\",\"urlTemplate\":\"https:\/\/mandragoracosmetica.com\/ca\/?s={search_term_string}\"},\"query-input\":\"required name=search_term_string\"}],\"inLanguage\":\"ca\"},{\"@type\":\"Organization\",\"@id\":\"https:\/\/mandragoracosmetica.com\/ca\/#organization\",\"name\":\"Mandragora - cosm\u00e9tica natural artesana\",\"url\":\"https:\/\/mandragoracosmetica.com\/ca\/\",\"logo\":{\"@type\":\"ImageObject\",\"inLanguage\":\"ca\",\"@id\":\"https:\/\/mandragoracosmetica.com\/ca\/#\/schema\/logo\/image\/\",\"url\":\"https:\/\/mandragoracosmetica.com\/wp-content\/uploads\/2019\/11\/logo-compost-text-petit-scaled.png\",\"contentUrl\":\"https:\/\/mandragoracosmetica.com\/wp-content\/uploads\/2019\/11\/logo-compost-text-petit-scaled.png\",\"width\":1200,\"height\":480,\"caption\":\"Mandragora - cosm\u00e9tica natural artesana\"},\"image\":{\"@id\":\"https:\/\/mandragoracosmetica.com\/ca\/#\/schema\/logo\/image\/\"}}]}<\/script>\n<!-- \/ Yoast SEO plugin. -->","yoast_head_json":{"title":"Mosqueta - sab\u00f3 facial 90 gr. - Mandragora Cosm\u00e9tica","robots":{"index":"index","follow":"follow","max-snippet":"max-snippet:-1","max-image-preview":"max-image-preview:large","max-video-preview":"max-video-preview:-1"},"canonical":"https:\/\/mandragoracosmetica.com\/ca\/producto\/mosqueta\/","og_locale":"ca_ES","og_type":"article","og_title":"Mosqueta - sab\u00f3 facial 90 gr. - Mandragora Cosm\u00e9tica","og_description":"\u201cSent l'equilibri i la tranquil\u00b7litat que et desperta l'aroma floral i c\u00edtric\u201d  Coco bio \u2013 Rosa mosqueta bio - Palma-rosa bio \u2013 Taronja Bio Amb estracte de Mirra i argila vermella  Un sab\u00f3 ideal per fer-lo servir com a desmaquillant i netejar la pell di\u00e0riament per mantenir-la hidratada i llisa.\u00a0  Netaja, hidrata i allisa la pell  Pell normal \u2013 Pell seca","og_url":"https:\/\/mandragoracosmetica.com\/ca\/producto\/mosqueta\/","og_site_name":"Mandragora Cosm\u00e9tica","article_modified_time":"2024-07-09T02:38:44+00:00","og_image":[{"width":1200,"height":798,"url":"http:\/\/mandragoracosmetica.com\/wp-content\/uploads\/2019\/11\/mosqueta3.jpg","type":"image\/jpeg"}],"twitter_card":"summary_large_image","twitter_misc":{"Temps estimat de lectura":"2 minuts"},"schema":{"@context":"https:\/\/schema.org","@graph":[{"@type":"WebPage","@id":"https:\/\/mandragoracosmetica.com\/ca\/producto\/mosqueta\/","url":"https:\/\/mandragoracosmetica.com\/ca\/producto\/mosqueta\/","name":"Mosqueta - sab\u00f3 facial 90 gr. - Mandragora Cosm\u00e9tica","isPartOf":{"@id":"https:\/\/mandragoracosmetica.com\/ca\/#website"},"datePublished":"2019-11-04T17:47:38+00:00","dateModified":"2024-07-09T02:38:44+00:00","breadcrumb":{"@id":"https:\/\/mandragoracosmetica.com\/ca\/producto\/mosqueta\/#breadcrumb"},"inLanguage":"ca","potentialAction":[{"@type":"ReadAction","target":["https:\/\/mandragoracosmetica.com\/ca\/producto\/mosqueta\/"]}]},{"@type":"BreadcrumbList","@id":"https:\/\/mandragoracosmetica.com\/ca\/producto\/mosqueta\/#breadcrumb","itemListElement":[{"@type":"ListItem","position":1,"name":"Portada","item":"https:\/\/mandragoracosmetica.com\/ca\/inici-copia\/"},{"@type":"ListItem","position":2,"name":"Botiga","item":"https:\/\/mandragoracosmetica.com\/ca\/tienda-3\/"},{"@type":"ListItem","position":3,"name":"Mosqueta &#8211; sab\u00f3 facial 90 gr."}]},{"@type":"WebSite","@id":"https:\/\/mandragoracosmetica.com\/ca\/#website","url":"https:\/\/mandragoracosmetica.com\/ca\/","name":"Mandragora Cosm\u00e9tica","description":"Cosm\u00e9tica artesanal y org\u00e1nica elaborada con criterio natural y conservantes vegetales","publisher":{"@id":"https:\/\/mandragoracosmetica.com\/ca\/#organization"},"potentialAction":[{"@type":"SearchAction","target":{"@type":"EntryPoint","urlTemplate":"https:\/\/mandragoracosmetica.com\/ca\/?s={search_term_string}"},"query-input":"required name=search_term_string"}],"inLanguage":"ca"},{"@type":"Organization","@id":"https:\/\/mandragoracosmetica.com\/ca\/#organization","name":"Mandragora - cosm\u00e9tica natural artesana","url":"https:\/\/mandragoracosmetica.com\/ca\/","logo":{"@type":"ImageObject","inLanguage":"ca","@id":"https:\/\/mandragoracosmetica.com\/ca\/#\/schema\/logo\/image\/","url":"https:\/\/mandragoracosmetica.com\/wp-content\/uploads\/2019\/11\/logo-compost-text-petit-scaled.png","contentUrl":"https:\/\/mandragoracosmetica.com\/wp-content\/uploads\/2019\/11\/logo-compost-text-petit-scaled.png","width":1200,"height":480,"caption":"Mandragora - cosm\u00e9tica natural artesana"},"image":{"@id":"https:\/\/mandragoracosmetica.com\/ca\/#\/schema\/logo\/image\/"}}]}},"_links":{"self":[{"href":"https:\/\/mandragoracosmetica.com\/ca\/wp-json\/wp\/v2\/product\/4232","targetHints":{"allow":["GET"]}}],"collection":[{"href":"https:\/\/mandragoracosmetica.com\/ca\/wp-json\/wp\/v2\/product"}],"about":[{"href":"https:\/\/mandragoracosmetica.com\/ca\/wp-json\/wp\/v2\/types\/product"}],"replies":[{"embeddable":true,"href":"https:\/\/mandragoracosmetica.com\/ca\/wp-json\/wp\/v2\/comments?post=4232"}],"wp:featuredmedia":[{"embeddable":true,"href":"https:\/\/mandragoracosmetica.com\/ca\/wp-json\/wp\/v2\/media\/4233"}],"wp:attachment":[{"href":"https:\/\/mandragoracosmetica.com\/ca\/wp-json\/wp\/v2\/media?parent=4232"}],"wp:term":[{"taxonomy":"product_brand","embeddable":true,"href":"https:\/\/mandragoracosmetica.com\/ca\/wp-json\/wp\/v2\/product_brand?post=4232"},{"taxonomy":"product_cat","embeddable":true,"href":"https:\/\/mandragoracosmetica.com\/ca\/wp-json\/wp\/v2\/product_cat?post=4232"},{"taxonomy":"product_tag","embeddable":true,"href":"https:\/\/mandragoracosmetica.com\/ca\/wp-json\/wp\/v2\/product_tag?post=4232"}],"curies":[{"name":"wp","href":"https:\/\/api.w.org\/{rel}","templated":true}]}}