{"id":4196,"date":"2019-11-06T19:41:31","date_gmt":"2019-11-06T18:41:31","guid":{"rendered":"https:\/\/mandragoracosmetica.com\/producto\/deoinuk\/"},"modified":"2026-03-24T10:01:07","modified_gmt":"2026-03-24T09:01:07","slug":"deoinuk","status":"publish","type":"product","link":"https:\/\/mandragoracosmetica.com\/ca\/producto\/deoinuk\/","title":{"rendered":"Deoinuk &#8211; crema desodorant 40 ml"},"content":{"rendered":"<p>[et_pb_section fb_built=&#8221;1&#8243; _builder_version=&#8221;4.16&#8243; custom_padding=&#8221;0px||||false|false&#8221; global_colors_info=&#8221;{}&#8221;][et_pb_row _builder_version=&#8221;4.16&#8243; background_size=&#8221;initial&#8221; background_position=&#8221;top_left&#8221; background_repeat=&#8221;repeat&#8221; width=&#8221;100%&#8221; custom_padding=&#8221;0px||0px||false|false&#8221; global_colors_info=&#8221;{}&#8221;][et_pb_column type=&#8221;4_4&#8243; _builder_version=&#8221;4.16&#8243; custom_padding=&#8221;|||&#8221; global_colors_info=&#8221;{}&#8221; custom_padding__hover=&#8221;|||&#8221;][et_pb_wc_breadcrumb _builder_version=&#8221;4.16&#8243; global_colors_info=&#8221;{}&#8221;][\/et_pb_wc_breadcrumb][et_pb_wc_cart_notice _builder_version=&#8221;4.16&#8243; global_colors_info=&#8221;{}&#8221;][\/et_pb_wc_cart_notice][\/et_pb_column][\/et_pb_row][et_pb_row column_structure=&#8221;1_2,1_2&#8243; _builder_version=&#8221;4.16&#8243; background_size=&#8221;initial&#8221; background_position=&#8221;top_left&#8221; background_repeat=&#8221;repeat&#8221; width=&#8221;100%&#8221; custom_padding=&#8221;0px||||false|false&#8221; global_colors_info=&#8221;{}&#8221;][et_pb_column type=&#8221;1_2&#8243; _builder_version=&#8221;4.16&#8243; custom_padding=&#8221;|||&#8221; global_colors_info=&#8221;{}&#8221; custom_padding__hover=&#8221;|||&#8221;][et_pb_wc_images _builder_version=&#8221;4.16&#8243; global_colors_info=&#8221;{}&#8221;][\/et_pb_wc_images][\/et_pb_column][et_pb_column type=&#8221;1_2&#8243; _builder_version=&#8221;4.16&#8243; custom_padding=&#8221;|||&#8221; global_colors_info=&#8221;{}&#8221; custom_padding__hover=&#8221;|||&#8221;][et_pb_wc_title _builder_version=&#8221;4.16&#8243; global_colors_info=&#8221;{}&#8221;][\/et_pb_wc_title][et_pb_wc_rating _builder_version=&#8221;4.16&#8243; global_colors_info=&#8221;{}&#8221;][\/et_pb_wc_rating][et_pb_wc_price _builder_version=&#8221;4.16&#8243; global_colors_info=&#8221;{}&#8221;][\/et_pb_wc_price][et_pb_wc_description _builder_version=&#8221;4.16&#8243; global_colors_info=&#8221;{}&#8221;][\/et_pb_wc_description][et_pb_wc_add_to_cart _builder_version=&#8221;4.16&#8243; global_colors_info=&#8221;{}&#8221;][\/et_pb_wc_add_to_cart][et_pb_wc_meta _builder_version=&#8221;4.16&#8243; global_colors_info=&#8221;{}&#8221;][\/et_pb_wc_meta][\/et_pb_column][\/et_pb_row][et_pb_row _builder_version=&#8221;4.16&#8243; width=&#8221;100%&#8221; max_width=&#8221;1111px&#8221; custom_padding=&#8221;||0px|||&#8221; global_colors_info=&#8221;{}&#8221;][et_pb_column type=&#8221;4_4&#8243; _builder_version=&#8221;4.16&#8243; global_colors_info=&#8221;{}&#8221;][et_pb_accordion _builder_version=&#8221;4.16&#8243; global_colors_info=&#8221;{}&#8221;][et_pb_accordion_item title=&#8221;Utilitats&#8221; open=&#8221;on&#8221; open_toggle_text_color=&#8221;#443322&#8243; open_toggle_background_color=&#8221;rgba(221,204,170,0.24)&#8221; closed_toggle_text_color=&#8221;#443322&#8243; closed_toggle_background_color=&#8221;rgba(221,204,170,0.24)&#8221; icon_color=&#8221;#443322&#8243; use_icon_font_size=&#8221;on&#8221; icon_font_size=&#8221;20px&#8221; open_icon_color=&#8221;#443322&#8243; open_use_icon_font_size=&#8221;on&#8221; open_icon_font_size=&#8221;20px&#8221; _builder_version=&#8221;4.16&#8243; body_font=&#8221;Raleway||||||||&#8221; text_orientation=&#8221;left&#8221; border_color_all=&#8221;#998877&#8243; global_colors_info=&#8221;{}&#8221; toggle_text_color=&#8221;#443322&#8243; toggle_font=&#8221;Lora|700|on||||||&#8221; toggle_font_size=&#8221;20px&#8221; closed_toggle_font=&#8221;Lora|700|||||||&#8221; closed_toggle_font_size=&#8221;20px&#8221;]<span style=\"font-weight: 400;\">\u2022 \u00c9s una crema desodorant efectiva i duradora.<\/span><span style=\"font-weight: 400;\"><br \/>\n<\/span><span style=\"font-weight: 400;\">\u2022 Suavitza la pell de les aixelles.<\/span><span style=\"font-weight: 400;\"><br \/>\n<\/span><span style=\"font-weight: 400;\">\u2022 Es pot fer servir per les aixelles i pels peus.<\/span><span style=\"font-weight: 400;\"><br \/>\n<\/span><span style=\"font-weight: 400;\">\u2022 Destaquen les propietats antis\u00e8ptiques i antibacterianes que potencien l&#8217;efecte durador.<\/span><span style=\"font-weight: 400;\"><br \/>\n<\/span><span style=\"font-weight: 400;\">\u2022 T\u00e9 un lleuger efecte regulador hormonal.<\/span>[\/et_pb_accordion_item][et_pb_accordion_item title=&#8221;Destaca per&#8221; open_toggle_text_color=&#8221;#443322&#8243; open_toggle_background_color=&#8221;rgba(221,204,170,0.24)&#8221; closed_toggle_text_color=&#8221;#443322&#8243; closed_toggle_background_color=&#8221;rgba(221,204,170,0.24)&#8221; icon_color=&#8221;#443322&#8243; use_icon_font_size=&#8221;on&#8221; icon_font_size=&#8221;20px&#8221; open_icon_color=&#8221;#443322&#8243; open_use_icon_font_size=&#8221;on&#8221; open_icon_font_size=&#8221;20px&#8221; _builder_version=&#8221;4.16&#8243; body_font=&#8221;Raleway||||||||&#8221; text_orientation=&#8221;left&#8221; border_color_all=&#8221;#998877&#8243; global_colors_info=&#8221;{}&#8221; toggle_text_color=&#8221;#443322&#8243; toggle_font=&#8221;Lora|700|on||||||&#8221; toggle_font_size=&#8221;20px&#8221; closed_toggle_font=&#8221;Lora|700|||||||&#8221; closed_toggle_font_size=&#8221;20px&#8221; open=&#8221;off&#8221;]<span style=\"font-weight: 400;\">&#8211; Els olis essencials de gerani, xiprer i s\u00e0lvia, s\u00f3n potents desodorants i reguladors de la sudoraci\u00f3.<\/span><span style=\"font-weight: 400;\"><br \/>\n<\/span><span style=\"font-weight: 400;\"><br \/>\n<\/span><span style=\"font-weight: 400;\">&#8211; Els olis de coco, karit\u00e9 i cal\u00e8ndula, cuiden la pell m\u00e9s sensible, com la de les aixelles, la protegeixen, hidraten i nodreixen en profunditat.<\/span><span style=\"font-weight: 400;\"><br \/>\n<\/span><span style=\"font-weight: 400;\"><br \/>\n<\/span><span style=\"font-weight: 400;\">&#8211; El zinc ricinoleat. \u00c9s un ingredient totalment natural que t\u00e9 la capacitat d&#8217;absorvir i neutralitzar la mala olor corporal sense bloquejar la transpiraci\u00f3, deixa el porus lliure i mant\u00e9 la salut i l&#8217;equilibri de la flora de la pell.<\/span><span style=\"font-weight: 400;\"><br \/>\n<\/span><span style=\"font-weight: 400;\"><br \/>\n<\/span><span style=\"font-weight: 400;\">&#8211; El mid\u00f3 d&#8217;arr\u00f2s, lliure de transg\u00e8nics, potencia la capacitat absorvent i desodorant i li d\u00f3na a la crema una sensaci\u00f3 de tacte suau, sec i que controla l&#8217;exc\u00e9s d&#8217;humitat de la zona.<\/span><span style=\"font-weight: 400;\"><br \/>\n<\/span><span style=\"font-weight: 400;\"><br \/>\n<\/span><span style=\"font-weight: 400;\">&#8211; Les nostres olors corporals ens transmeten molta informaci\u00f3 necess\u00e0ria, moltes vegades hi ha claus ocultes d&#8217;all\u00f2 que ens passa i ho podem treballar. Per aix\u00f2 tamb\u00e9 el treball des de l&#8217;aromater\u00e0pia ens ajuda a connectar amb la nostra naturalesa essencial, i a superar \u00e8poques de canvi i transici\u00f3, ens aporta confian\u00e7a i allunya la negativitat en regular un exc\u00e9s d&#8217;emotivitat produida per tensions i bloquejos.<\/span><\/p>\n<p><span style=\"font-weight: 400;\">Env\u00e0s de vidre fosc que preserva molt temps les propietats del producte.<\/span>[\/et_pb_accordion_item][et_pb_accordion_item title=&#8221;Precaucions&#8221; open_toggle_text_color=&#8221;#443322&#8243; open_toggle_background_color=&#8221;rgba(221,204,170,0.24)&#8221; closed_toggle_text_color=&#8221;#443322&#8243; closed_toggle_background_color=&#8221;rgba(221,204,170,0.24)&#8221; icon_color=&#8221;#443322&#8243; use_icon_font_size=&#8221;on&#8221; icon_font_size=&#8221;20px&#8221; open_icon_color=&#8221;#443322&#8243; open_use_icon_font_size=&#8221;on&#8221; open_icon_font_size=&#8221;20px&#8221; _builder_version=&#8221;4.16&#8243; body_font=&#8221;Raleway||||||||&#8221; text_orientation=&#8221;left&#8221; border_color_all=&#8221;#998877&#8243; global_colors_info=&#8221;{}&#8221; toggle_text_color=&#8221;#443322&#8243; toggle_font=&#8221;Lora|700|on||||||&#8221; toggle_font_size=&#8221;20px&#8221; closed_toggle_font=&#8221;Lora|700|||||||&#8221; closed_toggle_font_size=&#8221;20px&#8221; open=&#8221;off&#8221;]<span style=\"font-weight: 400;\">No apte ni durant l&#8217;embaras ni la lact\u00e0ncia. No est\u00e0 indicat en casos de c\u00e0ncer hormonodependent.<\/span>[\/et_pb_accordion_item][et_pb_accordion_item title=&#8221;Composici\u00f3&#8221; open_toggle_text_color=&#8221;#443322&#8243; open_toggle_background_color=&#8221;rgba(221,204,170,0.24)&#8221; closed_toggle_text_color=&#8221;#443322&#8243; closed_toggle_background_color=&#8221;rgba(221,204,170,0.24)&#8221; icon_color=&#8221;#443322&#8243; use_icon_font_size=&#8221;on&#8221; icon_font_size=&#8221;20px&#8221; open_icon_color=&#8221;#443322&#8243; open_use_icon_font_size=&#8221;on&#8221; open_icon_font_size=&#8221;20px&#8221; _builder_version=&#8221;4.16&#8243; body_font=&#8221;Raleway||||||||&#8221; text_orientation=&#8221;left&#8221; border_color_all=&#8221;#998877&#8243; global_colors_info=&#8221;{}&#8221; toggle_text_color=&#8221;#443322&#8243; toggle_font=&#8221;Lora|700|on||||||&#8221; toggle_font_size=&#8221;20px&#8221; closed_toggle_font=&#8221;Lora|700|||||||&#8221; closed_toggle_font_size=&#8221;20px&#8221; open=&#8221;off&#8221;]<span style=\"font-weight: 400;\">cocos nucifera oil*** (oli de coco verge), butyrospermum parkii butter*** (karit\u00e9 verge), oryza sativa starch (mid\u00f3 d&#8217;arr\u00f2s lliure de nanopart\u00edcules i no transg\u00e8nic)***, cera alba (cera d&#8217;abella), prunus amygdalus dulcis oil (oli d&#8217;ametlles), zinc ricinoleate (actiu desodorant natural derivat del zinc), cupressus sempervirens oil (a.e xiprer), salvia sclarea oil (a.e s\u00e0lvia esclarea), alcohol, citrus limon peel oil*** (a.e llimona), pelargonium graveolens oil (a.e gerani), salvia officinalis extract** (extracte de s\u00e0lvia), calendula officinalis flower extract** (extracte de cal\u00e8ndula), aqua, limonene*, linalool*, citronellol*, geraniol*, citral*, tocopherol (vit.e natural), helianthus annuus seed oil (oli de girasol).<\/span><\/p>\n<p>*presents naturalment als olis essencials purs.<br \/>\n** de recol\u00b7lecci\u00f3\/elaboraci\u00f3 pr\u00f2pia.<br \/>\n*** de proced\u00e8ncia ecol\u00f2gica certificada.[\/et_pb_accordion_item][\/et_pb_accordion][\/et_pb_column][\/et_pb_row][et_pb_row _builder_version=&#8221;4.16&#8243; width=&#8221;100%&#8221; custom_margin=&#8221;40px|auto||auto||&#8221; global_colors_info=&#8221;{}&#8221;][et_pb_column type=&#8221;4_4&#8243; _builder_version=&#8221;4.16&#8243; global_colors_info=&#8221;{}&#8221;][et_pb_wc_related_products posts_number=&#8221;4&#8243; columns_number=&#8221;4&#8243; _builder_version=&#8221;4.16&#8243; global_colors_info=&#8221;{}&#8221;][\/et_pb_wc_related_products][\/et_pb_column][\/et_pb_row][et_pb_row _builder_version=&#8221;4.16&#8243; width=&#8221;100%&#8221; custom_margin=&#8221;40px|auto||auto||&#8221; locked=&#8221;off&#8221; collapsed=&#8221;off&#8221; global_colors_info=&#8221;{}&#8221;][et_pb_column type=&#8221;4_4&#8243; _builder_version=&#8221;4.16&#8243; global_colors_info=&#8221;{}&#8221;][et_pb_wc_reviews _builder_version=&#8221;4.19.1&#8243; _module_preset=&#8221;default&#8221; global_colors_info=&#8221;{}&#8221;][\/et_pb_wc_reviews][\/et_pb_column][\/et_pb_row][\/et_pb_section]<\/p>\n","protected":false},"excerpt":{"rendered":"<p><strong>\u201cConnecta amb la teva naturalesa essencial, transita \u00e8poques de canvi i sent la confian\u00e7a i la positivitat\u201d<\/strong><span style=\"font-weight: 400;\"><br \/>\n<\/span><span style=\"font-weight: 400;\"><br \/>\n<\/span><span style=\"font-weight: 400;\">S\u00e0lvia \u2013 Xiprer \u2013 Gerani<\/span><span style=\"font-weight: 400;\"><br \/>\n<\/span><span style=\"font-weight: 400;\">Amb extractes de Cal\u00e8ndula i Llimona<\/span><span style=\"font-weight: 400;\"><br \/>\n<\/span><span style=\"font-weight: 400;\"><br \/>\n<\/span><span style=\"font-weight: 400;\">Les olors corporals ens transmeten informaci\u00f3, encara que moltes vegades queda amagada. Aquesta crema desodorant treballa des de l&#8217;aromater\u00e0pia per ajudar-te a connectar amb la teva naturalesa essencial. Els canvis de les olors s\u00f3n degudes a canvis i transicions. Deoinuk ens d\u00f3na confian\u00e7a,\u00a0 ens allunya de la negativitat i regula l&#8217;exc\u00e9s d&#8217;emotivitat produ\u00efda per tensions i bloquejos. \u00c9s efectiu i durador. Un aut\u00e8ntic plaer pels sentits gr\u00e0cies a l&#8217;aroma floral i fresc.<\/span><span style=\"font-weight: 400;\"><br \/>\n<\/span><span style=\"font-weight: 400;\"><br \/>\n<\/span><span style=\"font-weight: 400;\">Protecci\u00f3 de llarga durada<\/span><span style=\"font-weight: 400;\"><br \/>\n<\/span><span style=\"font-weight: 400;\">Ideal per la pell m\u00e9s sensible.<\/span><\/p>\n","protected":false},"featured_media":4197,"comment_status":"open","ping_status":"closed","template":"","meta":{"_et_pb_use_builder":"on","_et_pb_old_content":"","_et_gb_content_width":""},"product_brand":[],"product_cat":[51,53],"product_tag":[],"class_list":{"0":"post-4196","1":"product","2":"type-product","3":"status-publish","4":"has-post-thumbnail","6":"product_cat-corporal-ca-2","7":"product_cat-higiene-ca","9":"first","10":"instock","11":"taxable","12":"shipping-taxable","13":"purchasable","14":"product-type-simple"},"yoast_head":"<!-- This site is optimized with the Yoast SEO plugin v20.8 - https:\/\/yoast.com\/wordpress\/plugins\/seo\/ -->\n<title>Deoinuk - crema desodorant 40 ml - Mandragora Cosm\u00e9tica<\/title>\n<meta name=\"robots\" content=\"index, follow, max-snippet:-1, max-image-preview:large, max-video-preview:-1\" \/>\n<link rel=\"canonical\" href=\"https:\/\/mandragoracosmetica.com\/ca\/producto\/deoinuk\/\" \/>\n<meta property=\"og:locale\" content=\"ca_ES\" \/>\n<meta property=\"og:type\" content=\"article\" \/>\n<meta property=\"og:title\" content=\"Deoinuk - crema desodorant 40 ml - Mandragora Cosm\u00e9tica\" \/>\n<meta property=\"og:description\" content=\"\u201cConnecta amb la teva naturalesa essencial, transita \u00e8poques de canvi i sent la confian\u00e7a i la positivitat\u201d  S\u00e0lvia \u2013 Xiprer \u2013 Gerani Amb extractes de Cal\u00e8ndula i Llimona  Les olors corporals ens transmeten informaci\u00f3, encara que moltes vegades queda amagada. Aquesta crema desodorant treballa des de l&#039;aromater\u00e0pia per ajudar-te a connectar amb la teva naturalesa essencial. Els canvis de les olors s\u00f3n degudes a canvis i transicions. Deoinuk ens d\u00f3na confian\u00e7a,\u00a0 ens allunya de la negativitat i regula l&#039;exc\u00e9s d&#039;emotivitat produ\u00efda per tensions i bloquejos. \u00c9s efectiu i durador. Un aut\u00e8ntic plaer pels sentits gr\u00e0cies a l&#039;aroma floral i fresc.  Protecci\u00f3 de llarga durada Ideal per la pell m\u00e9s sensible.\" \/>\n<meta property=\"og:url\" content=\"https:\/\/mandragoracosmetica.com\/ca\/producto\/deoinuk\/\" \/>\n<meta property=\"og:site_name\" content=\"Mandragora Cosm\u00e9tica\" \/>\n<meta property=\"article:modified_time\" content=\"2026-03-24T09:01:07+00:00\" \/>\n<meta property=\"og:image\" content=\"http:\/\/mandragoracosmetica.com\/wp-content\/uploads\/2019\/11\/deoinuk2.jpg\" \/>\n\t<meta property=\"og:image:width\" content=\"1200\" \/>\n\t<meta property=\"og:image:height\" content=\"798\" \/>\n\t<meta property=\"og:image:type\" content=\"image\/jpeg\" \/>\n<meta name=\"twitter:card\" content=\"summary_large_image\" \/>\n<meta name=\"twitter:label1\" content=\"Temps estimat de lectura\" \/>\n\t<meta name=\"twitter:data1\" content=\"3 minuts\" \/>\n<script type=\"application\/ld+json\" class=\"yoast-schema-graph\">{\"@context\":\"https:\/\/schema.org\",\"@graph\":[{\"@type\":\"WebPage\",\"@id\":\"https:\/\/mandragoracosmetica.com\/ca\/producto\/deoinuk\/\",\"url\":\"https:\/\/mandragoracosmetica.com\/ca\/producto\/deoinuk\/\",\"name\":\"Deoinuk - crema desodorant 40 ml - Mandragora Cosm\u00e9tica\",\"isPartOf\":{\"@id\":\"https:\/\/mandragoracosmetica.com\/ca\/#website\"},\"datePublished\":\"2019-11-06T18:41:31+00:00\",\"dateModified\":\"2026-03-24T09:01:07+00:00\",\"breadcrumb\":{\"@id\":\"https:\/\/mandragoracosmetica.com\/ca\/producto\/deoinuk\/#breadcrumb\"},\"inLanguage\":\"ca\",\"potentialAction\":[{\"@type\":\"ReadAction\",\"target\":[\"https:\/\/mandragoracosmetica.com\/ca\/producto\/deoinuk\/\"]}]},{\"@type\":\"BreadcrumbList\",\"@id\":\"https:\/\/mandragoracosmetica.com\/ca\/producto\/deoinuk\/#breadcrumb\",\"itemListElement\":[{\"@type\":\"ListItem\",\"position\":1,\"name\":\"Portada\",\"item\":\"https:\/\/mandragoracosmetica.com\/ca\/inici-copia\/\"},{\"@type\":\"ListItem\",\"position\":2,\"name\":\"Botiga\",\"item\":\"https:\/\/mandragoracosmetica.com\/ca\/tienda-3\/\"},{\"@type\":\"ListItem\",\"position\":3,\"name\":\"Deoinuk &#8211; crema desodorant 40 ml\"}]},{\"@type\":\"WebSite\",\"@id\":\"https:\/\/mandragoracosmetica.com\/ca\/#website\",\"url\":\"https:\/\/mandragoracosmetica.com\/ca\/\",\"name\":\"Mandragora Cosm\u00e9tica\",\"description\":\"Cosm\u00e9tica artesanal y org\u00e1nica elaborada con criterio natural y conservantes vegetales\",\"publisher\":{\"@id\":\"https:\/\/mandragoracosmetica.com\/ca\/#organization\"},\"potentialAction\":[{\"@type\":\"SearchAction\",\"target\":{\"@type\":\"EntryPoint\",\"urlTemplate\":\"https:\/\/mandragoracosmetica.com\/ca\/?s={search_term_string}\"},\"query-input\":\"required name=search_term_string\"}],\"inLanguage\":\"ca\"},{\"@type\":\"Organization\",\"@id\":\"https:\/\/mandragoracosmetica.com\/ca\/#organization\",\"name\":\"Mandragora - cosm\u00e9tica natural artesana\",\"url\":\"https:\/\/mandragoracosmetica.com\/ca\/\",\"logo\":{\"@type\":\"ImageObject\",\"inLanguage\":\"ca\",\"@id\":\"https:\/\/mandragoracosmetica.com\/ca\/#\/schema\/logo\/image\/\",\"url\":\"https:\/\/mandragoracosmetica.com\/wp-content\/uploads\/2019\/11\/logo-compost-text-petit-scaled.png\",\"contentUrl\":\"https:\/\/mandragoracosmetica.com\/wp-content\/uploads\/2019\/11\/logo-compost-text-petit-scaled.png\",\"width\":1200,\"height\":480,\"caption\":\"Mandragora - cosm\u00e9tica natural artesana\"},\"image\":{\"@id\":\"https:\/\/mandragoracosmetica.com\/ca\/#\/schema\/logo\/image\/\"}}]}<\/script>\n<!-- \/ Yoast SEO plugin. -->","yoast_head_json":{"title":"Deoinuk - crema desodorant 40 ml - Mandragora Cosm\u00e9tica","robots":{"index":"index","follow":"follow","max-snippet":"max-snippet:-1","max-image-preview":"max-image-preview:large","max-video-preview":"max-video-preview:-1"},"canonical":"https:\/\/mandragoracosmetica.com\/ca\/producto\/deoinuk\/","og_locale":"ca_ES","og_type":"article","og_title":"Deoinuk - crema desodorant 40 ml - Mandragora Cosm\u00e9tica","og_description":"\u201cConnecta amb la teva naturalesa essencial, transita \u00e8poques de canvi i sent la confian\u00e7a i la positivitat\u201d  S\u00e0lvia \u2013 Xiprer \u2013 Gerani Amb extractes de Cal\u00e8ndula i Llimona  Les olors corporals ens transmeten informaci\u00f3, encara que moltes vegades queda amagada. Aquesta crema desodorant treballa des de l'aromater\u00e0pia per ajudar-te a connectar amb la teva naturalesa essencial. Els canvis de les olors s\u00f3n degudes a canvis i transicions. Deoinuk ens d\u00f3na confian\u00e7a,\u00a0 ens allunya de la negativitat i regula l'exc\u00e9s d'emotivitat produ\u00efda per tensions i bloquejos. \u00c9s efectiu i durador. Un aut\u00e8ntic plaer pels sentits gr\u00e0cies a l'aroma floral i fresc.  Protecci\u00f3 de llarga durada Ideal per la pell m\u00e9s sensible.","og_url":"https:\/\/mandragoracosmetica.com\/ca\/producto\/deoinuk\/","og_site_name":"Mandragora Cosm\u00e9tica","article_modified_time":"2026-03-24T09:01:07+00:00","og_image":[{"width":1200,"height":798,"url":"http:\/\/mandragoracosmetica.com\/wp-content\/uploads\/2019\/11\/deoinuk2.jpg","type":"image\/jpeg"}],"twitter_card":"summary_large_image","twitter_misc":{"Temps estimat de lectura":"3 minuts"},"schema":{"@context":"https:\/\/schema.org","@graph":[{"@type":"WebPage","@id":"https:\/\/mandragoracosmetica.com\/ca\/producto\/deoinuk\/","url":"https:\/\/mandragoracosmetica.com\/ca\/producto\/deoinuk\/","name":"Deoinuk - crema desodorant 40 ml - Mandragora Cosm\u00e9tica","isPartOf":{"@id":"https:\/\/mandragoracosmetica.com\/ca\/#website"},"datePublished":"2019-11-06T18:41:31+00:00","dateModified":"2026-03-24T09:01:07+00:00","breadcrumb":{"@id":"https:\/\/mandragoracosmetica.com\/ca\/producto\/deoinuk\/#breadcrumb"},"inLanguage":"ca","potentialAction":[{"@type":"ReadAction","target":["https:\/\/mandragoracosmetica.com\/ca\/producto\/deoinuk\/"]}]},{"@type":"BreadcrumbList","@id":"https:\/\/mandragoracosmetica.com\/ca\/producto\/deoinuk\/#breadcrumb","itemListElement":[{"@type":"ListItem","position":1,"name":"Portada","item":"https:\/\/mandragoracosmetica.com\/ca\/inici-copia\/"},{"@type":"ListItem","position":2,"name":"Botiga","item":"https:\/\/mandragoracosmetica.com\/ca\/tienda-3\/"},{"@type":"ListItem","position":3,"name":"Deoinuk &#8211; crema desodorant 40 ml"}]},{"@type":"WebSite","@id":"https:\/\/mandragoracosmetica.com\/ca\/#website","url":"https:\/\/mandragoracosmetica.com\/ca\/","name":"Mandragora Cosm\u00e9tica","description":"Cosm\u00e9tica artesanal y org\u00e1nica elaborada con criterio natural y conservantes vegetales","publisher":{"@id":"https:\/\/mandragoracosmetica.com\/ca\/#organization"},"potentialAction":[{"@type":"SearchAction","target":{"@type":"EntryPoint","urlTemplate":"https:\/\/mandragoracosmetica.com\/ca\/?s={search_term_string}"},"query-input":"required name=search_term_string"}],"inLanguage":"ca"},{"@type":"Organization","@id":"https:\/\/mandragoracosmetica.com\/ca\/#organization","name":"Mandragora - cosm\u00e9tica natural artesana","url":"https:\/\/mandragoracosmetica.com\/ca\/","logo":{"@type":"ImageObject","inLanguage":"ca","@id":"https:\/\/mandragoracosmetica.com\/ca\/#\/schema\/logo\/image\/","url":"https:\/\/mandragoracosmetica.com\/wp-content\/uploads\/2019\/11\/logo-compost-text-petit-scaled.png","contentUrl":"https:\/\/mandragoracosmetica.com\/wp-content\/uploads\/2019\/11\/logo-compost-text-petit-scaled.png","width":1200,"height":480,"caption":"Mandragora - cosm\u00e9tica natural artesana"},"image":{"@id":"https:\/\/mandragoracosmetica.com\/ca\/#\/schema\/logo\/image\/"}}]}},"_links":{"self":[{"href":"https:\/\/mandragoracosmetica.com\/ca\/wp-json\/wp\/v2\/product\/4196","targetHints":{"allow":["GET"]}}],"collection":[{"href":"https:\/\/mandragoracosmetica.com\/ca\/wp-json\/wp\/v2\/product"}],"about":[{"href":"https:\/\/mandragoracosmetica.com\/ca\/wp-json\/wp\/v2\/types\/product"}],"replies":[{"embeddable":true,"href":"https:\/\/mandragoracosmetica.com\/ca\/wp-json\/wp\/v2\/comments?post=4196"}],"wp:featuredmedia":[{"embeddable":true,"href":"https:\/\/mandragoracosmetica.com\/ca\/wp-json\/wp\/v2\/media\/4197"}],"wp:attachment":[{"href":"https:\/\/mandragoracosmetica.com\/ca\/wp-json\/wp\/v2\/media?parent=4196"}],"wp:term":[{"taxonomy":"product_brand","embeddable":true,"href":"https:\/\/mandragoracosmetica.com\/ca\/wp-json\/wp\/v2\/product_brand?post=4196"},{"taxonomy":"product_cat","embeddable":true,"href":"https:\/\/mandragoracosmetica.com\/ca\/wp-json\/wp\/v2\/product_cat?post=4196"},{"taxonomy":"product_tag","embeddable":true,"href":"https:\/\/mandragoracosmetica.com\/ca\/wp-json\/wp\/v2\/product_tag?post=4196"}],"curies":[{"name":"wp","href":"https:\/\/api.w.org\/{rel}","templated":true}]}}