{"id":4165,"date":"2019-11-07T22:34:01","date_gmt":"2019-11-07T21:34:01","guid":{"rendered":"https:\/\/mandragoracosmetica.com\/producto\/arrelart\/"},"modified":"2024-04-11T10:38:29","modified_gmt":"2024-04-11T08:38:29","slug":"arrelart","status":"publish","type":"product","link":"https:\/\/mandragoracosmetica.com\/ca\/producto\/arrelart\/","title":{"rendered":"Arrelart &#8211; loci\u00f3 capilar"},"content":{"rendered":"<p>[et_pb_section fb_built=&#8221;1&#8243; _builder_version=&#8221;4.16&#8243; custom_padding=&#8221;0px||||false|false&#8221; global_colors_info=&#8221;{}&#8221;][et_pb_row _builder_version=&#8221;4.16&#8243; background_size=&#8221;initial&#8221; background_position=&#8221;top_left&#8221; background_repeat=&#8221;repeat&#8221; width=&#8221;100%&#8221; custom_padding=&#8221;0px||0px||false|false&#8221; global_colors_info=&#8221;{}&#8221;][et_pb_column type=&#8221;4_4&#8243; _builder_version=&#8221;4.16&#8243; custom_padding=&#8221;|||&#8221; global_colors_info=&#8221;{}&#8221; custom_padding__hover=&#8221;|||&#8221;][et_pb_wc_breadcrumb _builder_version=&#8221;4.16&#8243; global_colors_info=&#8221;{}&#8221;][\/et_pb_wc_breadcrumb][et_pb_wc_cart_notice _builder_version=&#8221;4.16&#8243; global_colors_info=&#8221;{}&#8221;][\/et_pb_wc_cart_notice][\/et_pb_column][\/et_pb_row][et_pb_row column_structure=&#8221;1_2,1_2&#8243; _builder_version=&#8221;4.16&#8243; background_size=&#8221;initial&#8221; background_position=&#8221;top_left&#8221; background_repeat=&#8221;repeat&#8221; width=&#8221;100%&#8221; custom_padding=&#8221;0px||||false|false&#8221; global_colors_info=&#8221;{}&#8221;][et_pb_column type=&#8221;1_2&#8243; _builder_version=&#8221;4.16&#8243; custom_padding=&#8221;|||&#8221; global_colors_info=&#8221;{}&#8221; custom_padding__hover=&#8221;|||&#8221;][et_pb_wc_images _builder_version=&#8221;4.16&#8243; global_colors_info=&#8221;{}&#8221;][\/et_pb_wc_images][\/et_pb_column][et_pb_column type=&#8221;1_2&#8243; _builder_version=&#8221;4.16&#8243; custom_padding=&#8221;|||&#8221; global_colors_info=&#8221;{}&#8221; custom_padding__hover=&#8221;|||&#8221;][et_pb_wc_title _builder_version=&#8221;4.16&#8243; global_colors_info=&#8221;{}&#8221;][\/et_pb_wc_title][et_pb_wc_rating _builder_version=&#8221;4.16&#8243; global_colors_info=&#8221;{}&#8221;][\/et_pb_wc_rating][et_pb_wc_price _builder_version=&#8221;4.16&#8243; global_colors_info=&#8221;{}&#8221;][\/et_pb_wc_price][et_pb_wc_description _builder_version=&#8221;4.16&#8243; global_colors_info=&#8221;{}&#8221;][\/et_pb_wc_description][et_pb_wc_add_to_cart _builder_version=&#8221;4.16&#8243; global_colors_info=&#8221;{}&#8221;][\/et_pb_wc_add_to_cart][et_pb_wc_meta _builder_version=&#8221;4.16&#8243; global_colors_info=&#8221;{}&#8221;][\/et_pb_wc_meta][\/et_pb_column][\/et_pb_row][et_pb_row _builder_version=&#8221;4.16&#8243; width=&#8221;100%&#8221; max_width=&#8221;1111px&#8221; custom_padding=&#8221;||0px|||&#8221; global_colors_info=&#8221;{}&#8221;][et_pb_column type=&#8221;4_4&#8243; _builder_version=&#8221;4.16&#8243; global_colors_info=&#8221;{}&#8221;][et_pb_accordion _builder_version=&#8221;4.16&#8243; global_colors_info=&#8221;{}&#8221;][et_pb_accordion_item title=&#8221;Utilitats&#8221; open=&#8221;on&#8221; open_toggle_text_color=&#8221;#443322&#8243; open_toggle_background_color=&#8221;rgba(221,204,170,0.24)&#8221; closed_toggle_text_color=&#8221;#443322&#8243; closed_toggle_background_color=&#8221;rgba(221,204,170,0.24)&#8221; icon_color=&#8221;#443322&#8243; use_icon_font_size=&#8221;on&#8221; icon_font_size=&#8221;20px&#8221; open_icon_color=&#8221;#443322&#8243; open_use_icon_font_size=&#8221;on&#8221; open_icon_font_size=&#8221;20px&#8221; _builder_version=&#8221;4.16&#8243; body_font=&#8221;Raleway||||||||&#8221; text_orientation=&#8221;left&#8221; border_color_all=&#8221;#998877&#8243; global_colors_info=&#8221;{}&#8221; toggle_text_color=&#8221;#443322&#8243; toggle_font=&#8221;Lora|700|on||||||&#8221; toggle_font_size=&#8221;20px&#8221; closed_toggle_font=&#8221;Lora|700|||||||&#8221; closed_toggle_font_size=&#8221;20px&#8221;]<span style=\"font-weight: 400\">\u2022 \u00c9s tu remei per si es vol tenir uns cabells saludables.<\/span><span style=\"font-weight: 400\"><br \/>\n<\/span><span style=\"font-weight: 400\">\u2022 La seva f\u00f3rmula i composici\u00f3 estimulen la microcirculaci\u00f3, remineralitzen i nodreixen amb oligoelements i minerals essencials.\u00a0 \u00a0 \u00a0 \u00a0\u00a0<\/span><span style=\"font-weight: 400\"><br \/>\n<\/span><span style=\"font-weight: 400\">\u2022 \u00c9s efectiu per reduir la caiguda dels cabells i fomentar que creixin forts, lluminosos i vitals.\u00a0 \u00a0 \u00a0<\/span><span style=\"font-weight: 400\"><br \/>\n<\/span><span style=\"font-weight: 400\">\u2022 T\u00e9 efectes anticaspa i ajuda els tractaments de dermatits seborr\u00e8ica.<\/span><span style=\"font-weight: 400\"><br \/>\n<\/span><span style=\"font-weight: 400\">\u2022 L&#8217;aroma \u00e9s agradable i fresc.<\/span><span style=\"font-weight: 400\"><br \/>\n<\/span><span style=\"font-weight: 400\">\u2022 S&#8217;aplica als cabells nets i humits sobre el cuir cabellut\u00a0 tot fent un massatge suau. No necessita que s&#8217;esbandeixi.\u00a0 \u00a0 \u00a0 \u00a0<\/span><span style=\"font-weight: 400\"><br \/>\n<\/span><span style=\"font-weight: 400\">\u2022 \u00c9s un regulador sebaci pels cabells grassos molt efectiu.<\/span>[\/et_pb_accordion_item][et_pb_accordion_item title=&#8221;Destaca per&#8221; open_toggle_text_color=&#8221;#443322&#8243; open_toggle_background_color=&#8221;rgba(221,204,170,0.24)&#8221; closed_toggle_text_color=&#8221;#443322&#8243; closed_toggle_background_color=&#8221;rgba(221,204,170,0.24)&#8221; icon_color=&#8221;#443322&#8243; use_icon_font_size=&#8221;on&#8221; icon_font_size=&#8221;20px&#8221; open_icon_color=&#8221;#443322&#8243; open_use_icon_font_size=&#8221;on&#8221; open_icon_font_size=&#8221;20px&#8221; _builder_version=&#8221;4.16&#8243; body_font=&#8221;Raleway||||||||&#8221; text_orientation=&#8221;left&#8221; border_color_all=&#8221;#998877&#8243; global_colors_info=&#8221;{}&#8221; toggle_text_color=&#8221;#443322&#8243; toggle_font=&#8221;Lora|700|on||||||&#8221; toggle_font_size=&#8221;20px&#8221; closed_toggle_font=&#8221;Lora|700|||||||&#8221; closed_toggle_font_size=&#8221;20px&#8221; open=&#8221;off&#8221;]<span style=\"font-weight: 400\">\u2022 \u00c9sser una loci\u00f3 de plantes locals poderoses de les quals n&#8217;he extret els principis actius de forma artesanal.\u00a0 \u00a0<\/span><span style=\"font-weight: 400\"><br \/>\n<\/span><span style=\"font-weight: 400\">\u2022 El roman\u00ed present en la composici\u00f3. \u00c9s un excel\u00b7lent tonificant, imprescindibe pel creixement sa dels cabells i per fortificar el cuir cabellut.\u00a0 \u00a0\u00a0<\/span><span style=\"font-weight: 400\"><br \/>\n<\/span><span style=\"font-weight: 400\">\u2022 L&#8217; extracte d&#8217;ortiga d\u00f3na brillantor i vitalitat als cabells. En sinergia amb els altres extractes de plantes, com ara la cua de cavall, es potencien les propietats antis\u00e8ptiques, purificants i circulat\u00f2ries.\u00a0 \u00a0 \u00a0<\/span><span style=\"font-weight: 400\"><br \/>\n<\/span><span style=\"font-weight: 400\">\u2022 L&#8217;olor fresca que despr\u00e8n ens ajuda a enfocar el dia amb alegria, bon humor i en d\u00f3na claredat mental.<\/span><\/p>\n<p><span style=\"font-weight: 400\">Env\u00e0s de vidre fosc que preserva molt temps les propietats del producte.<\/span>[\/et_pb_accordion_item][et_pb_accordion_item title=&#8221;Precaucions i aplicaci\u00f3&#8221; open_toggle_text_color=&#8221;#443322&#8243; open_toggle_background_color=&#8221;rgba(221,204,170,0.24)&#8221; closed_toggle_text_color=&#8221;#443322&#8243; closed_toggle_background_color=&#8221;rgba(221,204,170,0.24)&#8221; icon_color=&#8221;#443322&#8243; use_icon_font_size=&#8221;on&#8221; icon_font_size=&#8221;20px&#8221; open_icon_color=&#8221;#443322&#8243; open_use_icon_font_size=&#8221;on&#8221; open_icon_font_size=&#8221;20px&#8221; _builder_version=&#8221;4.16&#8243; body_font=&#8221;Raleway||||||||&#8221; text_orientation=&#8221;left&#8221; border_color_all=&#8221;#998877&#8243; global_colors_info=&#8221;{}&#8221; toggle_text_color=&#8221;#443322&#8243; toggle_font=&#8221;Lora|700|on||||||&#8221; toggle_font_size=&#8221;20px&#8221; closed_toggle_font=&#8221;Lora|700|||||||&#8221; closed_toggle_font_size=&#8221;20px&#8221; open=&#8221;off&#8221;]<span style=\"font-weight: 400\">Sacsegeu-ho abans de fer servir.<\/span><span style=\"font-weight: 400\"><br \/>\n<\/span><span style=\"font-weight: 400\"><br \/>\n<\/span><span style=\"font-weight: 400\">Apliqueu-lo als cabells humits i nets. Pulveritzeu el producde sobre el cuir cabellut. Feu un massatge suau fins que estigui completament absorvit. No cal que l&#8217;esbandiu.\u00a0<\/span><span style=\"font-weight: 400\"><br \/>\n<\/span><span style=\"font-weight: 400\">Eviteu l&#8217;\u00fas continuat durant l&#8217;embar\u00e0s.<\/span>[\/et_pb_accordion_item][et_pb_accordion_item title=&#8221;Composici\u00f3&#8221; open_toggle_text_color=&#8221;#443322&#8243; open_toggle_background_color=&#8221;rgba(221,204,170,0.24)&#8221; closed_toggle_text_color=&#8221;#443322&#8243; closed_toggle_background_color=&#8221;rgba(221,204,170,0.24)&#8221; icon_color=&#8221;#443322&#8243; use_icon_font_size=&#8221;on&#8221; icon_font_size=&#8221;20px&#8221; open_icon_color=&#8221;#443322&#8243; open_use_icon_font_size=&#8221;on&#8221; open_icon_font_size=&#8221;20px&#8221; _builder_version=&#8221;4.16&#8243; body_font=&#8221;Raleway||||||||&#8221; text_orientation=&#8221;left&#8221; border_color_all=&#8221;#998877&#8243; global_colors_info=&#8221;{}&#8221; toggle_text_color=&#8221;#443322&#8243; toggle_font=&#8221;Lora|700|on||||||&#8221; toggle_font_size=&#8221;20px&#8221; closed_toggle_font=&#8221;Lora|700|||||||&#8221; closed_toggle_font_size=&#8221;20px&#8221; open=&#8221;off&#8221;]<span style=\"font-weight: 400\">Aqua, Alcohol Denat, Glycerin (100% vegetal), Citrus Limon Peel Oil*** (a.e limona), Citrus Sinensis Peel Oil Expressed*** (a.e taronja), Melaleuca Alternifolia Leaf Oil*** (a.e arbre del te), Rosmarinus Officinalis Leaf Oil*** (a.e roman\u00ed), Urtica Dioica Leaf Extract** (extracte d&#8217;ortiga), Limonene*, Equisetum Arvense Extract** (extracte de cua de cavall), Rosmarinus Officinalis Extract** (extracte de roman\u00ed), Calendula Officinalis Flower Extract** (extracte de cal\u00e8ndula), Plantago Lanceolata Leaf Extract** (extracte de plantatge), Cupressus Sempervirens Fruit Extract** (extracte de xiprer), Citral*, Linalool*.<\/span><\/p>\n<p>*presents naturalment als olis essencials purs.<br \/>\n** de recol\u00b7lecci\u00f3\/elaboraci\u00f3 pr\u00f2pia.<br \/>\n*** de proced\u00e8ncia ecol\u00f2gica certificada.[\/et_pb_accordion_item][\/et_pb_accordion][\/et_pb_column][\/et_pb_row][et_pb_row _builder_version=&#8221;4.16&#8243; width=&#8221;100%&#8221; custom_margin=&#8221;40px|auto||auto||&#8221; global_colors_info=&#8221;{}&#8221;][et_pb_column type=&#8221;4_4&#8243; _builder_version=&#8221;4.16&#8243; global_colors_info=&#8221;{}&#8221;][et_pb_wc_related_products posts_number=&#8221;4&#8243; columns_number=&#8221;4&#8243; _builder_version=&#8221;4.16&#8243; global_colors_info=&#8221;{}&#8221;][\/et_pb_wc_related_products][\/et_pb_column][\/et_pb_row][et_pb_row _builder_version=&#8221;4.16&#8243; width=&#8221;100%&#8221; custom_margin=&#8221;40px|auto||auto||&#8221; locked=&#8221;off&#8221; collapsed=&#8221;off&#8221; global_colors_info=&#8221;{}&#8221;][et_pb_column type=&#8221;4_4&#8243; _builder_version=&#8221;4.16&#8243; global_colors_info=&#8221;{}&#8221;][et_pb_wc_reviews _builder_version=&#8221;4.19.1&#8243; _module_preset=&#8221;default&#8221; global_colors_info=&#8221;{}&#8221;][\/et_pb_wc_reviews][\/et_pb_column][\/et_pb_row][\/et_pb_section]<\/p>\n","protected":false},"excerpt":{"rendered":"<p><b>\u201cTingues els cabells vitals i forts mentre experimentes claredat d&#8217;idees nascudes del bon humor en qu\u00e8 la seva frag\u00e0ncia et subsmergeix \u201d<\/b><span style=\"font-weight: 400\"><br \/>\n<\/span><span style=\"font-weight: 400\"><br \/>\n<\/span><span style=\"font-weight: 400\">Ortiga \u2013 Cal\u00e8ndula \u2013 Cua de cavall grossa \u2013 Plantatge \u2013 Roman\u00ed<\/span><span style=\"font-weight: 400\"><br \/>\n<\/span><span style=\"font-weight: 400\">Amb 9 extractes de plantes i olis essencials purs<\/span><span style=\"font-weight: 400\"><br \/>\n<\/span><span style=\"font-weight: 400\"><br \/>\n<\/span><span style=\"font-weight: 400\">Un flasc\u00f3 ple de principis actius trets de plantes locals que el cuiden els cabells mentre gaudeixes d&#8217;una experi\u00e8ncia de frescor. Els extractes i olis essencials purs aporten vitalitat, densitat i fortalesa als cabells i n&#8217;eviten la caiguda. Els olis, a m\u00e9s a m\u00e9s, ajuden a focalitzar i aclarir les idees des de l&#8217;alegria i el bon humor.\u00a0 \u00a0<\/span><span style=\"font-weight: 400\"><br \/>\n<\/span><span style=\"font-weight: 400\"><br \/>\n<\/span><span style=\"font-weight: 400\">Ajuda a enfortir l&#8217;arrel dels cabells.<\/span><span style=\"font-weight: 400\"><br \/>\n<\/span><span style=\"font-weight: 400\">Cabells d\u00e8bils \u2013 Cabells malmesos<\/span><\/p>\n","protected":false},"featured_media":4166,"comment_status":"open","ping_status":"closed","template":"","meta":{"_et_pb_use_builder":"on","_et_pb_old_content":"","_et_gb_content_width":""},"product_brand":[],"product_cat":[72],"product_tag":[],"class_list":{"0":"post-4165","1":"product","2":"type-product","3":"status-publish","4":"has-post-thumbnail","6":"product_cat-no-visibles-ca","8":"first","9":"outofstock","10":"taxable","11":"shipping-taxable","12":"purchasable","13":"product-type-simple"},"yoast_head":"<!-- This site is optimized with the Yoast SEO plugin v20.8 - https:\/\/yoast.com\/wordpress\/plugins\/seo\/ -->\n<title>Arrelart - loci\u00f3 capilar - Mandragora Cosm\u00e9tica<\/title>\n<meta name=\"robots\" content=\"index, follow, max-snippet:-1, max-image-preview:large, max-video-preview:-1\" \/>\n<link rel=\"canonical\" href=\"https:\/\/mandragoracosmetica.com\/ca\/producto\/arrelart\/\" \/>\n<meta property=\"og:locale\" content=\"ca_ES\" \/>\n<meta property=\"og:type\" content=\"article\" \/>\n<meta property=\"og:title\" content=\"Arrelart - loci\u00f3 capilar - Mandragora Cosm\u00e9tica\" \/>\n<meta property=\"og:description\" content=\"\u201cTingues els cabells vitals i forts mentre experimentes claredat d&#039;idees nascudes del bon humor en qu\u00e8 la seva frag\u00e0ncia et subsmergeix \u201d  Ortiga \u2013 Cal\u00e8ndula \u2013 Cua de cavall grossa \u2013 Plantatge \u2013 Roman\u00ed Amb 9 extractes de plantes i olis essencials purs  Un flasc\u00f3 ple de principis actius trets de plantes locals que el cuiden els cabells mentre gaudeixes d&#039;una experi\u00e8ncia de frescor. Els extractes i olis essencials purs aporten vitalitat, densitat i fortalesa als cabells i n&#039;eviten la caiguda. Els olis, a m\u00e9s a m\u00e9s, ajuden a focalitzar i aclarir les idees des de l&#039;alegria i el bon humor.\u00a0 \u00a0  Ajuda a enfortir l&#039;arrel dels cabells. Cabells d\u00e8bils \u2013 Cabells malmesos\" \/>\n<meta property=\"og:url\" content=\"https:\/\/mandragoracosmetica.com\/ca\/producto\/arrelart\/\" \/>\n<meta property=\"og:site_name\" content=\"Mandragora Cosm\u00e9tica\" \/>\n<meta property=\"article:modified_time\" content=\"2024-04-11T08:38:29+00:00\" \/>\n<meta property=\"og:image\" content=\"http:\/\/mandragoracosmetica.com\/wp-content\/uploads\/2019\/11\/arrelart2.jpg\" \/>\n\t<meta property=\"og:image:width\" content=\"1200\" \/>\n\t<meta property=\"og:image:height\" content=\"798\" \/>\n\t<meta property=\"og:image:type\" content=\"image\/jpeg\" \/>\n<meta name=\"twitter:card\" content=\"summary_large_image\" \/>\n<meta name=\"twitter:label1\" content=\"Temps estimat de lectura\" \/>\n\t<meta name=\"twitter:data1\" content=\"3 minuts\" \/>\n<script type=\"application\/ld+json\" class=\"yoast-schema-graph\">{\"@context\":\"https:\/\/schema.org\",\"@graph\":[{\"@type\":\"WebPage\",\"@id\":\"https:\/\/mandragoracosmetica.com\/ca\/producto\/arrelart\/\",\"url\":\"https:\/\/mandragoracosmetica.com\/ca\/producto\/arrelart\/\",\"name\":\"Arrelart - loci\u00f3 capilar - Mandragora Cosm\u00e9tica\",\"isPartOf\":{\"@id\":\"https:\/\/mandragoracosmetica.com\/ca\/#website\"},\"datePublished\":\"2019-11-07T21:34:01+00:00\",\"dateModified\":\"2024-04-11T08:38:29+00:00\",\"breadcrumb\":{\"@id\":\"https:\/\/mandragoracosmetica.com\/ca\/producto\/arrelart\/#breadcrumb\"},\"inLanguage\":\"ca\",\"potentialAction\":[{\"@type\":\"ReadAction\",\"target\":[\"https:\/\/mandragoracosmetica.com\/ca\/producto\/arrelart\/\"]}]},{\"@type\":\"BreadcrumbList\",\"@id\":\"https:\/\/mandragoracosmetica.com\/ca\/producto\/arrelart\/#breadcrumb\",\"itemListElement\":[{\"@type\":\"ListItem\",\"position\":1,\"name\":\"Portada\",\"item\":\"https:\/\/mandragoracosmetica.com\/ca\/inici-copia\/\"},{\"@type\":\"ListItem\",\"position\":2,\"name\":\"Botiga\",\"item\":\"https:\/\/mandragoracosmetica.com\/ca\/tienda-3\/\"},{\"@type\":\"ListItem\",\"position\":3,\"name\":\"Arrelart &#8211; loci\u00f3 capilar\"}]},{\"@type\":\"WebSite\",\"@id\":\"https:\/\/mandragoracosmetica.com\/ca\/#website\",\"url\":\"https:\/\/mandragoracosmetica.com\/ca\/\",\"name\":\"Mandragora Cosm\u00e9tica\",\"description\":\"Cosm\u00e9tica artesanal y org\u00e1nica elaborada con criterio natural y conservantes vegetales\",\"publisher\":{\"@id\":\"https:\/\/mandragoracosmetica.com\/ca\/#organization\"},\"potentialAction\":[{\"@type\":\"SearchAction\",\"target\":{\"@type\":\"EntryPoint\",\"urlTemplate\":\"https:\/\/mandragoracosmetica.com\/ca\/?s={search_term_string}\"},\"query-input\":\"required name=search_term_string\"}],\"inLanguage\":\"ca\"},{\"@type\":\"Organization\",\"@id\":\"https:\/\/mandragoracosmetica.com\/ca\/#organization\",\"name\":\"Mandragora - cosm\u00e9tica natural artesana\",\"url\":\"https:\/\/mandragoracosmetica.com\/ca\/\",\"logo\":{\"@type\":\"ImageObject\",\"inLanguage\":\"ca\",\"@id\":\"https:\/\/mandragoracosmetica.com\/ca\/#\/schema\/logo\/image\/\",\"url\":\"https:\/\/mandragoracosmetica.com\/wp-content\/uploads\/2019\/11\/logo-compost-text-petit-scaled.png\",\"contentUrl\":\"https:\/\/mandragoracosmetica.com\/wp-content\/uploads\/2019\/11\/logo-compost-text-petit-scaled.png\",\"width\":1200,\"height\":480,\"caption\":\"Mandragora - cosm\u00e9tica natural artesana\"},\"image\":{\"@id\":\"https:\/\/mandragoracosmetica.com\/ca\/#\/schema\/logo\/image\/\"}}]}<\/script>\n<!-- \/ Yoast SEO plugin. -->","yoast_head_json":{"title":"Arrelart - loci\u00f3 capilar - Mandragora Cosm\u00e9tica","robots":{"index":"index","follow":"follow","max-snippet":"max-snippet:-1","max-image-preview":"max-image-preview:large","max-video-preview":"max-video-preview:-1"},"canonical":"https:\/\/mandragoracosmetica.com\/ca\/producto\/arrelart\/","og_locale":"ca_ES","og_type":"article","og_title":"Arrelart - loci\u00f3 capilar - Mandragora Cosm\u00e9tica","og_description":"\u201cTingues els cabells vitals i forts mentre experimentes claredat d'idees nascudes del bon humor en qu\u00e8 la seva frag\u00e0ncia et subsmergeix \u201d  Ortiga \u2013 Cal\u00e8ndula \u2013 Cua de cavall grossa \u2013 Plantatge \u2013 Roman\u00ed Amb 9 extractes de plantes i olis essencials purs  Un flasc\u00f3 ple de principis actius trets de plantes locals que el cuiden els cabells mentre gaudeixes d'una experi\u00e8ncia de frescor. Els extractes i olis essencials purs aporten vitalitat, densitat i fortalesa als cabells i n'eviten la caiguda. Els olis, a m\u00e9s a m\u00e9s, ajuden a focalitzar i aclarir les idees des de l'alegria i el bon humor.\u00a0 \u00a0  Ajuda a enfortir l'arrel dels cabells. Cabells d\u00e8bils \u2013 Cabells malmesos","og_url":"https:\/\/mandragoracosmetica.com\/ca\/producto\/arrelart\/","og_site_name":"Mandragora Cosm\u00e9tica","article_modified_time":"2024-04-11T08:38:29+00:00","og_image":[{"width":1200,"height":798,"url":"http:\/\/mandragoracosmetica.com\/wp-content\/uploads\/2019\/11\/arrelart2.jpg","type":"image\/jpeg"}],"twitter_card":"summary_large_image","twitter_misc":{"Temps estimat de lectura":"3 minuts"},"schema":{"@context":"https:\/\/schema.org","@graph":[{"@type":"WebPage","@id":"https:\/\/mandragoracosmetica.com\/ca\/producto\/arrelart\/","url":"https:\/\/mandragoracosmetica.com\/ca\/producto\/arrelart\/","name":"Arrelart - loci\u00f3 capilar - Mandragora Cosm\u00e9tica","isPartOf":{"@id":"https:\/\/mandragoracosmetica.com\/ca\/#website"},"datePublished":"2019-11-07T21:34:01+00:00","dateModified":"2024-04-11T08:38:29+00:00","breadcrumb":{"@id":"https:\/\/mandragoracosmetica.com\/ca\/producto\/arrelart\/#breadcrumb"},"inLanguage":"ca","potentialAction":[{"@type":"ReadAction","target":["https:\/\/mandragoracosmetica.com\/ca\/producto\/arrelart\/"]}]},{"@type":"BreadcrumbList","@id":"https:\/\/mandragoracosmetica.com\/ca\/producto\/arrelart\/#breadcrumb","itemListElement":[{"@type":"ListItem","position":1,"name":"Portada","item":"https:\/\/mandragoracosmetica.com\/ca\/inici-copia\/"},{"@type":"ListItem","position":2,"name":"Botiga","item":"https:\/\/mandragoracosmetica.com\/ca\/tienda-3\/"},{"@type":"ListItem","position":3,"name":"Arrelart &#8211; loci\u00f3 capilar"}]},{"@type":"WebSite","@id":"https:\/\/mandragoracosmetica.com\/ca\/#website","url":"https:\/\/mandragoracosmetica.com\/ca\/","name":"Mandragora Cosm\u00e9tica","description":"Cosm\u00e9tica artesanal y org\u00e1nica elaborada con criterio natural y conservantes vegetales","publisher":{"@id":"https:\/\/mandragoracosmetica.com\/ca\/#organization"},"potentialAction":[{"@type":"SearchAction","target":{"@type":"EntryPoint","urlTemplate":"https:\/\/mandragoracosmetica.com\/ca\/?s={search_term_string}"},"query-input":"required name=search_term_string"}],"inLanguage":"ca"},{"@type":"Organization","@id":"https:\/\/mandragoracosmetica.com\/ca\/#organization","name":"Mandragora - cosm\u00e9tica natural artesana","url":"https:\/\/mandragoracosmetica.com\/ca\/","logo":{"@type":"ImageObject","inLanguage":"ca","@id":"https:\/\/mandragoracosmetica.com\/ca\/#\/schema\/logo\/image\/","url":"https:\/\/mandragoracosmetica.com\/wp-content\/uploads\/2019\/11\/logo-compost-text-petit-scaled.png","contentUrl":"https:\/\/mandragoracosmetica.com\/wp-content\/uploads\/2019\/11\/logo-compost-text-petit-scaled.png","width":1200,"height":480,"caption":"Mandragora - cosm\u00e9tica natural artesana"},"image":{"@id":"https:\/\/mandragoracosmetica.com\/ca\/#\/schema\/logo\/image\/"}}]}},"_links":{"self":[{"href":"https:\/\/mandragoracosmetica.com\/ca\/wp-json\/wp\/v2\/product\/4165","targetHints":{"allow":["GET"]}}],"collection":[{"href":"https:\/\/mandragoracosmetica.com\/ca\/wp-json\/wp\/v2\/product"}],"about":[{"href":"https:\/\/mandragoracosmetica.com\/ca\/wp-json\/wp\/v2\/types\/product"}],"replies":[{"embeddable":true,"href":"https:\/\/mandragoracosmetica.com\/ca\/wp-json\/wp\/v2\/comments?post=4165"}],"wp:featuredmedia":[{"embeddable":true,"href":"https:\/\/mandragoracosmetica.com\/ca\/wp-json\/wp\/v2\/media\/4166"}],"wp:attachment":[{"href":"https:\/\/mandragoracosmetica.com\/ca\/wp-json\/wp\/v2\/media?parent=4165"}],"wp:term":[{"taxonomy":"product_brand","embeddable":true,"href":"https:\/\/mandragoracosmetica.com\/ca\/wp-json\/wp\/v2\/product_brand?post=4165"},{"taxonomy":"product_cat","embeddable":true,"href":"https:\/\/mandragoracosmetica.com\/ca\/wp-json\/wp\/v2\/product_cat?post=4165"},{"taxonomy":"product_tag","embeddable":true,"href":"https:\/\/mandragoracosmetica.com\/ca\/wp-json\/wp\/v2\/product_tag?post=4165"}],"curies":[{"name":"wp","href":"https:\/\/api.w.org\/{rel}","templated":true}]}}