{"id":4046,"date":"2019-11-21T23:44:50","date_gmt":"2019-11-21T22:44:50","guid":{"rendered":"https:\/\/mandragoracosmetica.com\/producto\/pack-calma\/"},"modified":"2024-04-11T10:23:04","modified_gmt":"2024-04-11T08:23:04","slug":"pack-calma-2","status":"publish","type":"product","link":"https:\/\/mandragoracosmetica.com\/ca\/producto\/pack-calma-2\/","title":{"rendered":"Pack Calma &#8211; RITUAL RELAXANT"},"content":{"rendered":"<p>[et_pb_section fb_built=&#8221;1&#8243; _builder_version=&#8221;4.16&#8243; custom_padding=&#8221;0px||||false|false&#8221; global_colors_info=&#8221;{}&#8221;][et_pb_row _builder_version=&#8221;4.16&#8243; background_size=&#8221;initial&#8221; background_position=&#8221;top_left&#8221; background_repeat=&#8221;repeat&#8221; width=&#8221;100%&#8221; custom_padding=&#8221;0px||0px||false|false&#8221; global_colors_info=&#8221;{}&#8221;][et_pb_column type=&#8221;4_4&#8243; _builder_version=&#8221;4.16&#8243; custom_padding=&#8221;|||&#8221; global_colors_info=&#8221;{}&#8221; custom_padding__hover=&#8221;|||&#8221;][et_pb_wc_breadcrumb _builder_version=&#8221;4.16&#8243; global_colors_info=&#8221;{}&#8221;][\/et_pb_wc_breadcrumb][et_pb_wc_cart_notice _builder_version=&#8221;4.16&#8243; global_colors_info=&#8221;{}&#8221;][\/et_pb_wc_cart_notice][\/et_pb_column][\/et_pb_row][et_pb_row column_structure=&#8221;1_2,1_2&#8243; _builder_version=&#8221;4.16&#8243; background_size=&#8221;initial&#8221; background_position=&#8221;top_left&#8221; background_repeat=&#8221;repeat&#8221; width=&#8221;100%&#8221; custom_padding=&#8221;0px||||false|false&#8221; global_colors_info=&#8221;{}&#8221;][et_pb_column type=&#8221;1_2&#8243; _builder_version=&#8221;4.16&#8243; custom_padding=&#8221;|||&#8221; global_colors_info=&#8221;{}&#8221; custom_padding__hover=&#8221;|||&#8221;][et_pb_wc_images _builder_version=&#8221;4.16&#8243; global_colors_info=&#8221;{}&#8221;][\/et_pb_wc_images][\/et_pb_column][et_pb_column type=&#8221;1_2&#8243; _builder_version=&#8221;4.16&#8243; custom_padding=&#8221;|||&#8221; global_colors_info=&#8221;{}&#8221; custom_padding__hover=&#8221;|||&#8221;][et_pb_wc_title _builder_version=&#8221;4.16&#8243; global_colors_info=&#8221;{}&#8221;][\/et_pb_wc_title][et_pb_wc_rating _builder_version=&#8221;4.16&#8243; global_colors_info=&#8221;{}&#8221;][\/et_pb_wc_rating][et_pb_wc_price _builder_version=&#8221;4.16&#8243; global_colors_info=&#8221;{}&#8221;][\/et_pb_wc_price][et_pb_wc_description _builder_version=&#8221;4.16&#8243; global_colors_info=&#8221;{}&#8221;][\/et_pb_wc_description][et_pb_wc_add_to_cart _builder_version=&#8221;4.16&#8243; global_colors_info=&#8221;{}&#8221;][\/et_pb_wc_add_to_cart][et_pb_wc_meta _builder_version=&#8221;4.16&#8243; global_colors_info=&#8221;{}&#8221;][\/et_pb_wc_meta][\/et_pb_column][\/et_pb_row][et_pb_row _builder_version=&#8221;4.16&#8243; width=&#8221;100%&#8221; custom_margin=&#8221;40px|auto||auto||&#8221; global_colors_info=&#8221;{}&#8221;][et_pb_column type=&#8221;4_4&#8243; _builder_version=&#8221;4.16&#8243; global_colors_info=&#8221;{}&#8221;][et_pb_wc_related_products posts_number=&#8221;4&#8243; columns_number=&#8221;4&#8243; _builder_version=&#8221;4.16&#8243; global_colors_info=&#8221;{}&#8221;][\/et_pb_wc_related_products][\/et_pb_column][\/et_pb_row][et_pb_row _builder_version=&#8221;4.16&#8243; width=&#8221;100%&#8221; custom_margin=&#8221;40px|auto||auto||&#8221; locked=&#8221;off&#8221; collapsed=&#8221;off&#8221; global_colors_info=&#8221;{}&#8221;][et_pb_column type=&#8221;4_4&#8243; _builder_version=&#8221;4.16&#8243; global_colors_info=&#8221;{}&#8221;][et_pb_wc_reviews _builder_version=&#8221;4.19.1&#8243; _module_preset=&#8221;default&#8221; global_colors_info=&#8221;{}&#8221;][\/et_pb_wc_reviews][\/et_pb_column][\/et_pb_row][\/et_pb_section]<\/p>\n","protected":false},"excerpt":{"rendered":"<p>Amb aquesta selecci\u00f3 de productes naturals podem cuidar-nos f\u00edsicament i mentalment amb petits rituals saludables diaris que ens proporcionaran calma i benestar.<\/p>\n<p>Inclou el sab\u00f3 Mimo, per cos i mans, \u00e9s suau i hidratant, d&#8217;escuma abundant i aroma floral a lavanda que t&#8217;aporta calma i relaxaci\u00f3. Imprescindible per la neteja natural di\u00e0ria.<\/p>\n<p>I l&#8217;oli corporal Relaxsan, un oli vers\u00e0til que ens serveix tant d&#8217;oli nutritiu i hidratant per les pells m\u00e9s seques i sensibles com d&#8217;oli de massatge relaxant o com a tractament d&#8217;aromater\u00e0pia en moments d&#8217;estr\u00e8s, per propiciar el descans&#8230;<\/p>\n<p>\u00c9s l&#8217;oli de la calma per excel\u00b7l\u00e8ncia. Un tresor ple de principis actius que nodreix profundament, estimula la circulaci\u00f3, regenera la pell aportant antioxidants, protecci\u00f3 i ens allibera de preocupacions i tensions.<\/p>\n<p>Unes gotes als canells, les temples i a sota del nas per sentir calma. Fes massatge suaument als peus i a tot el cos per aconseguir un descans profund. Diferents rituals per fer una pausa de l&#8217;estr\u00e8s i les presses di\u00e0ries.<\/p>\n<p>Aquest pack va embolicat amb les nostres capsetes especials pack regal decorades amb flors, aroma i una postal explicativa del pack amb tota aquesta informaci\u00f3 perqu\u00e8 qui ho rebi pugui captar l&#8217;especial que \u00e9s el teu regal.<\/p>\n","protected":false},"featured_media":4047,"comment_status":"open","ping_status":"closed","template":"","meta":{"_et_pb_use_builder":"on","_et_pb_old_content":"","_et_gb_content_width":""},"product_brand":[],"product_cat":[54],"product_tag":[],"class_list":{"0":"post-4046","1":"product","2":"type-product","3":"status-publish","4":"has-post-thumbnail","6":"product_cat-packs-ca","8":"first","9":"instock","10":"taxable","11":"shipping-taxable","12":"purchasable","13":"product-type-simple"},"yoast_head":"<!-- This site is optimized with the Yoast SEO plugin v20.8 - https:\/\/yoast.com\/wordpress\/plugins\/seo\/ -->\n<title>Pack Calma - RITUAL RELAXANT - Mandragora Cosm\u00e9tica<\/title>\n<meta name=\"robots\" content=\"index, follow, max-snippet:-1, max-image-preview:large, max-video-preview:-1\" \/>\n<link rel=\"canonical\" href=\"https:\/\/mandragoracosmetica.com\/ca\/producto\/pack-calma-2\/\" \/>\n<meta property=\"og:locale\" content=\"ca_ES\" \/>\n<meta property=\"og:type\" content=\"article\" \/>\n<meta property=\"og:title\" content=\"Pack Calma - RITUAL RELAXANT - Mandragora Cosm\u00e9tica\" \/>\n<meta property=\"og:description\" content=\"Amb aquesta selecci\u00f3 de productes naturals podem cuidar-nos f\u00edsicament i mentalment amb petits rituals saludables diaris que ens proporcionaran calma i benestar.  Inclou el sab\u00f3 Mimo, per cos i mans, \u00e9s suau i hidratant, d&#039;escuma abundant i aroma floral a lavanda que t&#039;aporta calma i relaxaci\u00f3. Imprescindible per la neteja natural di\u00e0ria.  I l&#039;oli corporal Relaxsan, un oli vers\u00e0til que ens serveix tant d&#039;oli nutritiu i hidratant per les pells m\u00e9s seques i sensibles com d&#039;oli de massatge relaxant o com a tractament d&#039;aromater\u00e0pia en moments d&#039;estr\u00e8s, per propiciar el descans...  \u00c9s l&#039;oli de la calma per excel\u00b7l\u00e8ncia. Un tresor ple de principis actius que nodreix profundament, estimula la circulaci\u00f3, regenera la pell aportant antioxidants, protecci\u00f3 i ens allibera de preocupacions i tensions.  Unes gotes als canells, les temples i a sota del nas per sentir calma. Fes massatge suaument als peus i a tot el cos per aconseguir un descans profund. Diferents rituals per fer una pausa de l&#039;estr\u00e8s i les presses di\u00e0ries.  Aquest pack va embolicat amb les nostres capsetes especials pack regal decorades amb flors, aroma i una postal explicativa del pack amb tota aquesta informaci\u00f3 perqu\u00e8 qui ho rebi pugui captar l&#039;especial que \u00e9s el teu regal.\" \/>\n<meta property=\"og:url\" content=\"https:\/\/mandragoracosmetica.com\/ca\/producto\/pack-calma-2\/\" \/>\n<meta property=\"og:site_name\" content=\"Mandragora Cosm\u00e9tica\" \/>\n<meta property=\"article:modified_time\" content=\"2024-04-11T08:23:04+00:00\" \/>\n<meta property=\"og:image\" content=\"http:\/\/mandragoracosmetica.com\/wp-content\/uploads\/2019\/11\/pack6.jpg\" \/>\n\t<meta property=\"og:image:width\" content=\"1200\" \/>\n\t<meta property=\"og:image:height\" content=\"798\" \/>\n\t<meta property=\"og:image:type\" content=\"image\/jpeg\" \/>\n<meta name=\"twitter:card\" content=\"summary_large_image\" \/>\n<meta name=\"twitter:label1\" content=\"Temps estimat de lectura\" \/>\n\t<meta name=\"twitter:data1\" content=\"1 minut\" \/>\n<script type=\"application\/ld+json\" class=\"yoast-schema-graph\">{\"@context\":\"https:\/\/schema.org\",\"@graph\":[{\"@type\":\"WebPage\",\"@id\":\"https:\/\/mandragoracosmetica.com\/ca\/producto\/pack-calma-2\/\",\"url\":\"https:\/\/mandragoracosmetica.com\/ca\/producto\/pack-calma-2\/\",\"name\":\"Pack Calma - RITUAL RELAXANT - Mandragora Cosm\u00e9tica\",\"isPartOf\":{\"@id\":\"https:\/\/mandragoracosmetica.com\/ca\/#website\"},\"datePublished\":\"2019-11-21T22:44:50+00:00\",\"dateModified\":\"2024-04-11T08:23:04+00:00\",\"breadcrumb\":{\"@id\":\"https:\/\/mandragoracosmetica.com\/ca\/producto\/pack-calma-2\/#breadcrumb\"},\"inLanguage\":\"ca\",\"potentialAction\":[{\"@type\":\"ReadAction\",\"target\":[\"https:\/\/mandragoracosmetica.com\/ca\/producto\/pack-calma-2\/\"]}]},{\"@type\":\"BreadcrumbList\",\"@id\":\"https:\/\/mandragoracosmetica.com\/ca\/producto\/pack-calma-2\/#breadcrumb\",\"itemListElement\":[{\"@type\":\"ListItem\",\"position\":1,\"name\":\"Portada\",\"item\":\"https:\/\/mandragoracosmetica.com\/ca\/inici-copia\/\"},{\"@type\":\"ListItem\",\"position\":2,\"name\":\"Botiga\",\"item\":\"https:\/\/mandragoracosmetica.com\/ca\/tienda-3\/\"},{\"@type\":\"ListItem\",\"position\":3,\"name\":\"Pack Calma &#8211; RITUAL RELAXANT\"}]},{\"@type\":\"WebSite\",\"@id\":\"https:\/\/mandragoracosmetica.com\/ca\/#website\",\"url\":\"https:\/\/mandragoracosmetica.com\/ca\/\",\"name\":\"Mandragora Cosm\u00e9tica\",\"description\":\"Cosm\u00e9tica artesanal y org\u00e1nica elaborada con criterio natural y conservantes vegetales\",\"publisher\":{\"@id\":\"https:\/\/mandragoracosmetica.com\/ca\/#organization\"},\"potentialAction\":[{\"@type\":\"SearchAction\",\"target\":{\"@type\":\"EntryPoint\",\"urlTemplate\":\"https:\/\/mandragoracosmetica.com\/ca\/?s={search_term_string}\"},\"query-input\":\"required name=search_term_string\"}],\"inLanguage\":\"ca\"},{\"@type\":\"Organization\",\"@id\":\"https:\/\/mandragoracosmetica.com\/ca\/#organization\",\"name\":\"Mandragora - cosm\u00e9tica natural artesana\",\"url\":\"https:\/\/mandragoracosmetica.com\/ca\/\",\"logo\":{\"@type\":\"ImageObject\",\"inLanguage\":\"ca\",\"@id\":\"https:\/\/mandragoracosmetica.com\/ca\/#\/schema\/logo\/image\/\",\"url\":\"https:\/\/mandragoracosmetica.com\/wp-content\/uploads\/2019\/11\/logo-compost-text-petit-scaled.png\",\"contentUrl\":\"https:\/\/mandragoracosmetica.com\/wp-content\/uploads\/2019\/11\/logo-compost-text-petit-scaled.png\",\"width\":1200,\"height\":480,\"caption\":\"Mandragora - cosm\u00e9tica natural artesana\"},\"image\":{\"@id\":\"https:\/\/mandragoracosmetica.com\/ca\/#\/schema\/logo\/image\/\"}}]}<\/script>\n<!-- \/ Yoast SEO plugin. -->","yoast_head_json":{"title":"Pack Calma - RITUAL RELAXANT - Mandragora Cosm\u00e9tica","robots":{"index":"index","follow":"follow","max-snippet":"max-snippet:-1","max-image-preview":"max-image-preview:large","max-video-preview":"max-video-preview:-1"},"canonical":"https:\/\/mandragoracosmetica.com\/ca\/producto\/pack-calma-2\/","og_locale":"ca_ES","og_type":"article","og_title":"Pack Calma - RITUAL RELAXANT - Mandragora Cosm\u00e9tica","og_description":"Amb aquesta selecci\u00f3 de productes naturals podem cuidar-nos f\u00edsicament i mentalment amb petits rituals saludables diaris que ens proporcionaran calma i benestar.  Inclou el sab\u00f3 Mimo, per cos i mans, \u00e9s suau i hidratant, d'escuma abundant i aroma floral a lavanda que t'aporta calma i relaxaci\u00f3. Imprescindible per la neteja natural di\u00e0ria.  I l'oli corporal Relaxsan, un oli vers\u00e0til que ens serveix tant d'oli nutritiu i hidratant per les pells m\u00e9s seques i sensibles com d'oli de massatge relaxant o com a tractament d'aromater\u00e0pia en moments d'estr\u00e8s, per propiciar el descans...  \u00c9s l'oli de la calma per excel\u00b7l\u00e8ncia. Un tresor ple de principis actius que nodreix profundament, estimula la circulaci\u00f3, regenera la pell aportant antioxidants, protecci\u00f3 i ens allibera de preocupacions i tensions.  Unes gotes als canells, les temples i a sota del nas per sentir calma. Fes massatge suaument als peus i a tot el cos per aconseguir un descans profund. Diferents rituals per fer una pausa de l'estr\u00e8s i les presses di\u00e0ries.  Aquest pack va embolicat amb les nostres capsetes especials pack regal decorades amb flors, aroma i una postal explicativa del pack amb tota aquesta informaci\u00f3 perqu\u00e8 qui ho rebi pugui captar l'especial que \u00e9s el teu regal.","og_url":"https:\/\/mandragoracosmetica.com\/ca\/producto\/pack-calma-2\/","og_site_name":"Mandragora Cosm\u00e9tica","article_modified_time":"2024-04-11T08:23:04+00:00","og_image":[{"width":1200,"height":798,"url":"http:\/\/mandragoracosmetica.com\/wp-content\/uploads\/2019\/11\/pack6.jpg","type":"image\/jpeg"}],"twitter_card":"summary_large_image","twitter_misc":{"Temps estimat de lectura":"1 minut"},"schema":{"@context":"https:\/\/schema.org","@graph":[{"@type":"WebPage","@id":"https:\/\/mandragoracosmetica.com\/ca\/producto\/pack-calma-2\/","url":"https:\/\/mandragoracosmetica.com\/ca\/producto\/pack-calma-2\/","name":"Pack Calma - RITUAL RELAXANT - Mandragora Cosm\u00e9tica","isPartOf":{"@id":"https:\/\/mandragoracosmetica.com\/ca\/#website"},"datePublished":"2019-11-21T22:44:50+00:00","dateModified":"2024-04-11T08:23:04+00:00","breadcrumb":{"@id":"https:\/\/mandragoracosmetica.com\/ca\/producto\/pack-calma-2\/#breadcrumb"},"inLanguage":"ca","potentialAction":[{"@type":"ReadAction","target":["https:\/\/mandragoracosmetica.com\/ca\/producto\/pack-calma-2\/"]}]},{"@type":"BreadcrumbList","@id":"https:\/\/mandragoracosmetica.com\/ca\/producto\/pack-calma-2\/#breadcrumb","itemListElement":[{"@type":"ListItem","position":1,"name":"Portada","item":"https:\/\/mandragoracosmetica.com\/ca\/inici-copia\/"},{"@type":"ListItem","position":2,"name":"Botiga","item":"https:\/\/mandragoracosmetica.com\/ca\/tienda-3\/"},{"@type":"ListItem","position":3,"name":"Pack Calma &#8211; RITUAL RELAXANT"}]},{"@type":"WebSite","@id":"https:\/\/mandragoracosmetica.com\/ca\/#website","url":"https:\/\/mandragoracosmetica.com\/ca\/","name":"Mandragora Cosm\u00e9tica","description":"Cosm\u00e9tica artesanal y org\u00e1nica elaborada con criterio natural y conservantes vegetales","publisher":{"@id":"https:\/\/mandragoracosmetica.com\/ca\/#organization"},"potentialAction":[{"@type":"SearchAction","target":{"@type":"EntryPoint","urlTemplate":"https:\/\/mandragoracosmetica.com\/ca\/?s={search_term_string}"},"query-input":"required name=search_term_string"}],"inLanguage":"ca"},{"@type":"Organization","@id":"https:\/\/mandragoracosmetica.com\/ca\/#organization","name":"Mandragora - cosm\u00e9tica natural artesana","url":"https:\/\/mandragoracosmetica.com\/ca\/","logo":{"@type":"ImageObject","inLanguage":"ca","@id":"https:\/\/mandragoracosmetica.com\/ca\/#\/schema\/logo\/image\/","url":"https:\/\/mandragoracosmetica.com\/wp-content\/uploads\/2019\/11\/logo-compost-text-petit-scaled.png","contentUrl":"https:\/\/mandragoracosmetica.com\/wp-content\/uploads\/2019\/11\/logo-compost-text-petit-scaled.png","width":1200,"height":480,"caption":"Mandragora - cosm\u00e9tica natural artesana"},"image":{"@id":"https:\/\/mandragoracosmetica.com\/ca\/#\/schema\/logo\/image\/"}}]}},"_links":{"self":[{"href":"https:\/\/mandragoracosmetica.com\/ca\/wp-json\/wp\/v2\/product\/4046","targetHints":{"allow":["GET"]}}],"collection":[{"href":"https:\/\/mandragoracosmetica.com\/ca\/wp-json\/wp\/v2\/product"}],"about":[{"href":"https:\/\/mandragoracosmetica.com\/ca\/wp-json\/wp\/v2\/types\/product"}],"replies":[{"embeddable":true,"href":"https:\/\/mandragoracosmetica.com\/ca\/wp-json\/wp\/v2\/comments?post=4046"}],"wp:featuredmedia":[{"embeddable":true,"href":"https:\/\/mandragoracosmetica.com\/ca\/wp-json\/wp\/v2\/media\/4047"}],"wp:attachment":[{"href":"https:\/\/mandragoracosmetica.com\/ca\/wp-json\/wp\/v2\/media?parent=4046"}],"wp:term":[{"taxonomy":"product_brand","embeddable":true,"href":"https:\/\/mandragoracosmetica.com\/ca\/wp-json\/wp\/v2\/product_brand?post=4046"},{"taxonomy":"product_cat","embeddable":true,"href":"https:\/\/mandragoracosmetica.com\/ca\/wp-json\/wp\/v2\/product_cat?post=4046"},{"taxonomy":"product_tag","embeddable":true,"href":"https:\/\/mandragoracosmetica.com\/ca\/wp-json\/wp\/v2\/product_tag?post=4046"}],"curies":[{"name":"wp","href":"https:\/\/api.w.org\/{rel}","templated":true}]}}