{"id":4001,"date":"2020-02-18T17:53:05","date_gmt":"2020-02-18T16:53:05","guid":{"rendered":"https:\/\/mandragoracosmetica.com\/gracies\/"},"modified":"2020-02-20T15:26:53","modified_gmt":"2020-02-20T14:26:53","slug":"gracies","status":"publish","type":"page","link":"https:\/\/mandragoracosmetica.com\/ca\/gracies\/","title":{"rendered":"Gr\u00e0cies"},"content":{"rendered":"<p>[et_pb_section fb_built=&#8221;1&#8243; _builder_version=&#8221;4.0.6&#8243; background_color=&#8221;rgba(221,204,170,0.24)&#8221; custom_padding=&#8221;||46px|||&#8221;][et_pb_row _builder_version=&#8221;4.0.6&#8243;][et_pb_column type=&#8221;4_4&#8243; _builder_version=&#8221;4.0.6&#8243;][et_pb_text _builder_version=&#8221;4.0.6&#8243; text_font=&#8221;Raleway||||||||&#8221; text_font_size=&#8221;16px&#8221; text_line_height=&#8221;1.8em&#8221; text_orientation=&#8221;right&#8221; max_width=&#8221;1111px&#8221; module_alignment=&#8221;right&#8221; min_height=&#8221;78px&#8221; custom_margin=&#8221;0px||0px||false|false&#8221; custom_padding=&#8221;||0px|||&#8221;]<\/p>\n<p style=\"text-align: center;\"><span style=\"font-size: 16px; color: #998877;\"><b>Moltes gr\u00e0cies per subscriure&#8217;t!<\/b><\/span><\/p>\n<p style=\"text-align: center;\">Rebr\u00e0s un correu electr\u00f2nic per a confirmar la subscripci\u00f3.<\/p>\n<p style=\"text-align: center;\">T&#8217;enviar\u00e9 informaci\u00f3 sobre els tallers, productes nous, alguna recepta i alguna reflexi\u00f3.<\/p>\n<p style=\"text-align: left;\">\n<p>[\/et_pb_text][et_pb_button button_url=&#8221;https:\/\/mandragoracosmetica.com\/?lang=ca&#8221; button_text=&#8221;tornar a l&#8217;inici&#8221; button_alignment=&#8221;center&#8221; _builder_version=&#8221;4.0.6&#8243; custom_button=&#8221;on&#8221; button_border_width=&#8221;1px&#8221; button_border_radius=&#8221;1px&#8221; button_on_hover=&#8221;off&#8221;][\/et_pb_button][et_pb_button button_url=&#8221;https:\/\/mandragoracosmetica.com\/productes\/?lang=ca&#8221; button_text=&#8221;tornar a la botiga&#8221; button_alignment=&#8221;center&#8221; _builder_version=&#8221;4.0.6&#8243; custom_button=&#8221;on&#8221; button_border_width=&#8221;1px&#8221; button_border_radius=&#8221;1px&#8221; button_icon=&#8221;%%19%%&#8221; button_icon_placement=&#8221;left&#8221; button_on_hover=&#8221;off&#8221;][\/et_pb_button][\/et_pb_column][\/et_pb_row][\/et_pb_section][et_pb_section fb_built=&#8221;1&#8243; _builder_version=&#8221;4.0.2&#8243; custom_margin=&#8221;40px|||||&#8221; custom_padding=&#8221;1px||24px|||&#8221;][et_pb_row make_equal=&#8221;on&#8221; padding_top_bottom_link_2=&#8221;false&#8221; padding_left_right_link_2=&#8221;false&#8221; _builder_version=&#8221;4.0.6&#8243; background_enable_color=&#8221;off&#8221; background_position=&#8221;bottom_center&#8221; width=&#8221;100%&#8221; max_width=&#8221;100%&#8221; custom_margin=&#8221;||0px||false|false&#8221; custom_padding=&#8221;0px||0px||true|false&#8221; use_custom_width=&#8221;on&#8221; width_unit=&#8221;off&#8221; custom_width_percent=&#8221;100%&#8221;][et_pb_column type=&#8221;4_4&#8243; _builder_version=&#8221;4.0.6&#8243; background_image=&#8221;https:\/\/mandragoracosmetica.com\/wp-content\/uploads\/2019\/11\/Mandragora-Cosmetica-197-scaled.jpg&#8221; custom_padding=&#8221;|||&#8221; custom_padding__hover=&#8221;|||&#8221;][et_pb_divider show_divider=&#8221;off&#8221; _builder_version=&#8221;3.12.2&#8243; height=&#8221;300px&#8221; custom_padding=&#8221;169px||0px|||&#8221;][\/et_pb_divider][\/et_pb_column][\/et_pb_row][\/et_pb_section]<\/p>\n","protected":false},"excerpt":{"rendered":"<p>Moltes gr\u00e0cies per subscriure&#8217;t! Rebr\u00e0s un correu electr\u00f2nic per a confirmar la subscripci\u00f3. T&#8217;enviar\u00e9 informaci\u00f3 sobre els tallers, productes nous, alguna recepta i alguna reflexi\u00f3.<\/p>\n","protected":false},"author":1,"featured_media":0,"parent":0,"menu_order":0,"comment_status":"closed","ping_status":"closed","template":"","meta":{"_et_pb_use_builder":"on","_et_pb_old_content":"","_et_gb_content_width":"","footnotes":""},"class_list":["post-4001","page","type-page","status-publish","hentry"],"yoast_head":"<!-- This site is optimized with the Yoast SEO plugin v20.8 - https:\/\/yoast.com\/wordpress\/plugins\/seo\/ -->\n<title>Gr\u00e0cies - Mandragora Cosm\u00e9tica<\/title>\n<meta name=\"robots\" content=\"index, follow, max-snippet:-1, max-image-preview:large, max-video-preview:-1\" \/>\n<link rel=\"canonical\" href=\"https:\/\/mandragoracosmetica.com\/ca\/gracies\/\" \/>\n<meta property=\"og:locale\" content=\"ca_ES\" \/>\n<meta property=\"og:type\" content=\"article\" \/>\n<meta property=\"og:title\" content=\"Gr\u00e0cies - Mandragora Cosm\u00e9tica\" \/>\n<meta property=\"og:description\" content=\"Moltes gr\u00e0cies per subscriure&#039;t! Rebr\u00e0s un correu electr\u00f2nic per a confirmar la subscripci\u00f3. T&#039;enviar\u00e9 informaci\u00f3 sobre els tallers, productes nous, alguna recepta i alguna reflexi\u00f3.\" \/>\n<meta property=\"og:url\" content=\"https:\/\/mandragoracosmetica.com\/ca\/gracies\/\" \/>\n<meta property=\"og:site_name\" content=\"Mandragora Cosm\u00e9tica\" \/>\n<meta property=\"article:modified_time\" content=\"2020-02-20T14:26:53+00:00\" \/>\n<meta name=\"twitter:card\" content=\"summary_large_image\" \/>\n<meta name=\"twitter:label1\" content=\"Temps estimat de lectura\" \/>\n\t<meta name=\"twitter:data1\" content=\"1 minut\" \/>\n<script type=\"application\/ld+json\" class=\"yoast-schema-graph\">{\"@context\":\"https:\/\/schema.org\",\"@graph\":[{\"@type\":\"WebPage\",\"@id\":\"https:\/\/mandragoracosmetica.com\/ca\/gracies\/\",\"url\":\"https:\/\/mandragoracosmetica.com\/ca\/gracies\/\",\"name\":\"Gr\u00e0cies - Mandragora Cosm\u00e9tica\",\"isPartOf\":{\"@id\":\"https:\/\/mandragoracosmetica.com\/ca\/#website\"},\"datePublished\":\"2020-02-18T16:53:05+00:00\",\"dateModified\":\"2020-02-20T14:26:53+00:00\",\"breadcrumb\":{\"@id\":\"https:\/\/mandragoracosmetica.com\/ca\/gracies\/#breadcrumb\"},\"inLanguage\":\"ca\",\"potentialAction\":[{\"@type\":\"ReadAction\",\"target\":[\"https:\/\/mandragoracosmetica.com\/ca\/gracies\/\"]}]},{\"@type\":\"BreadcrumbList\",\"@id\":\"https:\/\/mandragoracosmetica.com\/ca\/gracies\/#breadcrumb\",\"itemListElement\":[{\"@type\":\"ListItem\",\"position\":1,\"name\":\"Portada\",\"item\":\"https:\/\/mandragoracosmetica.com\/ca\/inici-copia\/\"},{\"@type\":\"ListItem\",\"position\":2,\"name\":\"Gr\u00e0cies\"}]},{\"@type\":\"WebSite\",\"@id\":\"https:\/\/mandragoracosmetica.com\/ca\/#website\",\"url\":\"https:\/\/mandragoracosmetica.com\/ca\/\",\"name\":\"Mandragora Cosm\u00e9tica\",\"description\":\"Cosm\u00e9tica artesanal y org\u00e1nica elaborada con criterio natural y conservantes vegetales\",\"publisher\":{\"@id\":\"https:\/\/mandragoracosmetica.com\/ca\/#organization\"},\"potentialAction\":[{\"@type\":\"SearchAction\",\"target\":{\"@type\":\"EntryPoint\",\"urlTemplate\":\"https:\/\/mandragoracosmetica.com\/ca\/?s={search_term_string}\"},\"query-input\":\"required name=search_term_string\"}],\"inLanguage\":\"ca\"},{\"@type\":\"Organization\",\"@id\":\"https:\/\/mandragoracosmetica.com\/ca\/#organization\",\"name\":\"Mandragora - cosm\u00e9tica natural artesana\",\"url\":\"https:\/\/mandragoracosmetica.com\/ca\/\",\"logo\":{\"@type\":\"ImageObject\",\"inLanguage\":\"ca\",\"@id\":\"https:\/\/mandragoracosmetica.com\/ca\/#\/schema\/logo\/image\/\",\"url\":\"https:\/\/mandragoracosmetica.com\/wp-content\/uploads\/2019\/11\/logo-compost-text-petit-scaled.png\",\"contentUrl\":\"https:\/\/mandragoracosmetica.com\/wp-content\/uploads\/2019\/11\/logo-compost-text-petit-scaled.png\",\"width\":1200,\"height\":480,\"caption\":\"Mandragora - cosm\u00e9tica natural artesana\"},\"image\":{\"@id\":\"https:\/\/mandragoracosmetica.com\/ca\/#\/schema\/logo\/image\/\"}}]}<\/script>\n<!-- \/ Yoast SEO plugin. -->","yoast_head_json":{"title":"Gr\u00e0cies - Mandragora Cosm\u00e9tica","robots":{"index":"index","follow":"follow","max-snippet":"max-snippet:-1","max-image-preview":"max-image-preview:large","max-video-preview":"max-video-preview:-1"},"canonical":"https:\/\/mandragoracosmetica.com\/ca\/gracies\/","og_locale":"ca_ES","og_type":"article","og_title":"Gr\u00e0cies - Mandragora Cosm\u00e9tica","og_description":"Moltes gr\u00e0cies per subscriure't! Rebr\u00e0s un correu electr\u00f2nic per a confirmar la subscripci\u00f3. T'enviar\u00e9 informaci\u00f3 sobre els tallers, productes nous, alguna recepta i alguna reflexi\u00f3.","og_url":"https:\/\/mandragoracosmetica.com\/ca\/gracies\/","og_site_name":"Mandragora Cosm\u00e9tica","article_modified_time":"2020-02-20T14:26:53+00:00","twitter_card":"summary_large_image","twitter_misc":{"Temps estimat de lectura":"1 minut"},"schema":{"@context":"https:\/\/schema.org","@graph":[{"@type":"WebPage","@id":"https:\/\/mandragoracosmetica.com\/ca\/gracies\/","url":"https:\/\/mandragoracosmetica.com\/ca\/gracies\/","name":"Gr\u00e0cies - Mandragora Cosm\u00e9tica","isPartOf":{"@id":"https:\/\/mandragoracosmetica.com\/ca\/#website"},"datePublished":"2020-02-18T16:53:05+00:00","dateModified":"2020-02-20T14:26:53+00:00","breadcrumb":{"@id":"https:\/\/mandragoracosmetica.com\/ca\/gracies\/#breadcrumb"},"inLanguage":"ca","potentialAction":[{"@type":"ReadAction","target":["https:\/\/mandragoracosmetica.com\/ca\/gracies\/"]}]},{"@type":"BreadcrumbList","@id":"https:\/\/mandragoracosmetica.com\/ca\/gracies\/#breadcrumb","itemListElement":[{"@type":"ListItem","position":1,"name":"Portada","item":"https:\/\/mandragoracosmetica.com\/ca\/inici-copia\/"},{"@type":"ListItem","position":2,"name":"Gr\u00e0cies"}]},{"@type":"WebSite","@id":"https:\/\/mandragoracosmetica.com\/ca\/#website","url":"https:\/\/mandragoracosmetica.com\/ca\/","name":"Mandragora Cosm\u00e9tica","description":"Cosm\u00e9tica artesanal y org\u00e1nica elaborada con criterio natural y conservantes vegetales","publisher":{"@id":"https:\/\/mandragoracosmetica.com\/ca\/#organization"},"potentialAction":[{"@type":"SearchAction","target":{"@type":"EntryPoint","urlTemplate":"https:\/\/mandragoracosmetica.com\/ca\/?s={search_term_string}"},"query-input":"required name=search_term_string"}],"inLanguage":"ca"},{"@type":"Organization","@id":"https:\/\/mandragoracosmetica.com\/ca\/#organization","name":"Mandragora - cosm\u00e9tica natural artesana","url":"https:\/\/mandragoracosmetica.com\/ca\/","logo":{"@type":"ImageObject","inLanguage":"ca","@id":"https:\/\/mandragoracosmetica.com\/ca\/#\/schema\/logo\/image\/","url":"https:\/\/mandragoracosmetica.com\/wp-content\/uploads\/2019\/11\/logo-compost-text-petit-scaled.png","contentUrl":"https:\/\/mandragoracosmetica.com\/wp-content\/uploads\/2019\/11\/logo-compost-text-petit-scaled.png","width":1200,"height":480,"caption":"Mandragora - cosm\u00e9tica natural artesana"},"image":{"@id":"https:\/\/mandragoracosmetica.com\/ca\/#\/schema\/logo\/image\/"}}]}},"_links":{"self":[{"href":"https:\/\/mandragoracosmetica.com\/ca\/wp-json\/wp\/v2\/pages\/4001","targetHints":{"allow":["GET"]}}],"collection":[{"href":"https:\/\/mandragoracosmetica.com\/ca\/wp-json\/wp\/v2\/pages"}],"about":[{"href":"https:\/\/mandragoracosmetica.com\/ca\/wp-json\/wp\/v2\/types\/page"}],"author":[{"embeddable":true,"href":"https:\/\/mandragoracosmetica.com\/ca\/wp-json\/wp\/v2\/users\/1"}],"replies":[{"embeddable":true,"href":"https:\/\/mandragoracosmetica.com\/ca\/wp-json\/wp\/v2\/comments?post=4001"}],"version-history":[{"count":0,"href":"https:\/\/mandragoracosmetica.com\/ca\/wp-json\/wp\/v2\/pages\/4001\/revisions"}],"wp:attachment":[{"href":"https:\/\/mandragoracosmetica.com\/ca\/wp-json\/wp\/v2\/media?parent=4001"}],"curies":[{"name":"wp","href":"https:\/\/api.w.org\/{rel}","templated":true}]}}